{"id":86,"date":"2023-07-11T14:35:47","date_gmt":"2023-07-11T14:35:47","guid":{"rendered":"https:\/\/scherer-soehne.com\/?page_id=86"},"modified":"2025-05-08T11:20:54","modified_gmt":"2025-05-08T11:20:54","slug":"privat-equity","status":"publish","type":"page","link":"https:\/\/scherer-soehne.com\/de\/privat-equity\/","title":{"rendered":"Privat Equity"},"content":{"rendered":"<div data-elementor-type=\"wp-page\" data-elementor-id=\"86\" class=\"elementor elementor-86\" data-elementor-post-type=\"page\">\n\t\t\t\t\t\t<section class=\"elementor-section elementor-top-section elementor-element elementor-element-29b4729 elementor-section-height-min-height elementor-section-boxed elementor-section-height-default elementor-section-items-middle\" data-id=\"29b4729\" data-element_type=\"section\" data-e-type=\"section\" data-settings=\"{&quot;background_background&quot;:&quot;classic&quot;}\">\n\t\t\t\t\t\t\t<div class=\"elementor-background-overlay\"><\/div>\n\t\t\t\t\t\t\t<div class=\"elementor-container elementor-column-gap-default\">\n\t\t\t\t\t<div class=\"elementor-column elementor-col-100 elementor-top-column elementor-element elementor-element-a22fbdf\" data-id=\"a22fbdf\" data-element_type=\"column\" data-e-type=\"column\">\n\t\t\t<div class=\"elementor-widget-wrap elementor-element-populated\">\n\t\t\t\t\t\t<div class=\"elementor-element elementor-element-8a896c0 animated-fast elementor-invisible elementor-widget elementor-widget-heading\" data-id=\"8a896c0\" data-element_type=\"widget\" data-e-type=\"widget\" data-settings=\"{&quot;_animation&quot;:&quot;fadeIn&quot;}\" data-widget_type=\"heading.default\">\n\t\t\t\t<div class=\"elementor-widget-container\">\n\t\t\t\t\t<h1 class=\"elementor-heading-title elementor-size-default\">Privat Equity<\/h1>\t\t\t\t<\/div>\n\t\t\t\t<\/div>\n\t\t\t\t\t<\/div>\n\t\t<\/div>\n\t\t\t\t\t<\/div>\n\t\t<\/section>\n\t\t\t\t<section class=\"elementor-section elementor-top-section elementor-element elementor-element-06de90d elementor-section-height-min-height elementor-section-boxed elementor-section-height-default elementor-section-items-middle\" data-id=\"06de90d\" data-element_type=\"section\" data-e-type=\"section\" data-settings=\"{&quot;background_background&quot;:&quot;classic&quot;}\">\n\t\t\t\t\t\t\t<div class=\"elementor-background-overlay\"><\/div>\n\t\t\t\t\t\t\t<div class=\"elementor-container elementor-column-gap-default\">\n\t\t\t\t\t<div class=\"elementor-column elementor-col-100 elementor-top-column elementor-element elementor-element-878e42f\" data-id=\"878e42f\" data-element_type=\"column\" data-e-type=\"column\">\n\t\t\t<div class=\"elementor-widget-wrap elementor-element-populated\">\n\t\t\t\t\t\t<div class=\"elementor-element elementor-element-2f5d59d elementor-widget elementor-widget-heading\" data-id=\"2f5d59d\" data-element_type=\"widget\" data-e-type=\"widget\" data-widget_type=\"heading.default\">\n\t\t\t\t<div class=\"elementor-widget-container\">\n\t\t\t\t\t<h2 class=\"elementor-heading-title elementor-size-default\">Was wir tun<\/h2>\t\t\t\t<\/div>\n\t\t\t\t<\/div>\n\t\t\t\t<div class=\"elementor-element elementor-element-82a478b elementor-widget elementor-widget-heading\" data-id=\"82a478b\" data-element_type=\"widget\" data-e-type=\"widget\" data-widget_type=\"heading.default\">\n\t\t\t\t<div class=\"elementor-widget-container\">\n\t\t\t\t\t<h2 class=\"elementor-heading-title elementor-size-default\">Privat Equity<\/h2>\t\t\t\t<\/div>\n\t\t\t\t<\/div>\n\t\t\t\t<div class=\"elementor-element elementor-element-bbc76a8 elementor-widget elementor-widget-heading\" data-id=\"bbc76a8\" data-element_type=\"widget\" data-e-type=\"widget\" data-widget_type=\"heading.default\">\n\t\t\t\t<div class=\"elementor-widget-container\">\n\t\t\t\t\t<h2 class=\"elementor-heading-title elementor-size-default\">Ein globaler Partner, lokale Expertise<\/h2>\t\t\t\t<\/div>\n\t\t\t\t<\/div>\n\t\t\t\t\t<\/div>\n\t\t<\/div>\n\t\t\t\t\t<\/div>\n\t\t<\/section>\n\t\t\t\t<section class=\"elementor-section elementor-top-section elementor-element elementor-element-7a33aa0 elementor-section-boxed elementor-section-height-default elementor-section-height-default\" data-id=\"7a33aa0\" data-element_type=\"section\" data-e-type=\"section\" data-settings=\"{&quot;background_background&quot;:&quot;classic&quot;}\">\n\t\t\t\t\t\t<div class=\"elementor-container elementor-column-gap-default\">\n\t\t\t\t\t<div class=\"elementor-column elementor-col-100 elementor-top-column elementor-element elementor-element-1efb78a animated-slow elementor-invisible\" data-id=\"1efb78a\" data-element_type=\"column\" data-e-type=\"column\" data-settings=\"{&quot;animation&quot;:&quot;fadeInLeft&quot;}\">\n\t\t\t<div class=\"elementor-widget-wrap elementor-element-populated\">\n\t\t\t\t\t\t<div class=\"elementor-element elementor-element-c5d4e2d elementor-widget elementor-widget-text-editor\" data-id=\"c5d4e2d\" data-element_type=\"widget\" data-e-type=\"widget\" data-widget_type=\"text-editor.default\">\n\t\t\t\t<div class=\"elementor-widget-container\">\n\t\t\t\t\t\t\t\t\t<p>Herzlich willkommen bei der SCHERER, Ihrem Wegbereiter f\u00fcr exzellente Investitionsm\u00f6glichkeiten und nachhaltige Wertsch\u00f6pfung! Als Junges Unternehmen im Bereich Private Equity sind wir stolz darauf, Ihnen einen einzigartigen Zugang zu dynamischen und vielversprechenden Investitionschancen zu bieten.<\/p><p>In einer dynamischen und sich stetig ver\u00e4ndernden Welt legen wir gro\u00dfen Wert auf flexible und zukunftsorientierte Investitionsstrategien. Unser Ziel ist es, Unternehmen aktiv bei ihrem Wachstum zu unterst\u00fctzen, nicht nur durch die Bereitstellung von Kapital, sondern auch durch den Zugang zu tiefgreifender Expertise, strategischer Beratung und einem erstklassigen Netzwerk von Fachleuten.<\/p><h4>\u00a0<\/h4><h4>Fokus auf Wachstum und Innovation<\/h4><p>Wir investieren in mittelst\u00e4ndische Unternehmen mit Sitz in Europa, die \u00fcber eine starke Marktposition, solides Wachstumspotenzial und stabile Cashflows verf\u00fcgen. Unser besonderes Interesse gilt Branchen wie technologiegetriebenen Dienstleistungen, Konsumg\u00fctern und Industriebetrieben. Unser Ziel ist es, Unternehmen bei der Erschlie\u00dfung neuer M\u00e4rkte, der Optimierung operativer Abl\u00e4ufe und der Einf\u00fchrung nachhaltiger Gesch\u00e4ftspraktiken zu unterst\u00fctzen.<\/p><h3>\u00a0<\/h3><h4>Strategische Partnerschaften<\/h4><p>SCHERER versteht sich nicht nur als Kapitalgeber, sondern als strategischer Partner, der gemeinsam mit Gr\u00fcndern und Management-Teams das volle Potenzial eines Unternehmens entfaltet. Durch unsere Post-Akquisitionsstrategie stellen wir sicher, dass wir unsere Unternehmen aktiv in ihrer Entwicklung begleiten \u2013 sei es durch internationale Expansion, \u00dcbernahmen oder die Umsetzung neuer Gesch\u00e4ftsmodelle.<\/p><h3>\u00a0<\/h3><h4>Ma\u00dfgeschneiderte L\u00f6sungen<\/h4><p>Unsere Philosophie basiert auf der \u00dcberzeugung, dass jedes Unternehmen einzigartig ist. Deshalb entwickeln wir individuell angepasste L\u00f6sungen, die auf die spezifischen Bed\u00fcrfnisse und Ziele unserer Partner abgestimmt sind. Unterst\u00fctzt werden wir von einem Netzwerk erfahrener Advisory Directors, die mit strategischen Einblicken, operativem Geschick und innovativen Ideen wertvollen Mehrwert schaffen.<\/p><h3>\u00a0<\/h3><h4>Verantwortung und Zukunftsorientierung<\/h4><p>Wir glauben an nachhaltigen Erfolg durch Partnerschaft, Innovation und verantwortungsbewusstes Handeln. Unsere Investitionen sind darauf ausgerichtet, nicht nur finanziellen Mehrwert zu schaffen, sondern auch einen positiven Beitrag f\u00fcr Unternehmen, deren Mitarbeiter und die Gesellschaft zu leisten.<\/p><h3>\u00a0<\/h3><h4>Warum SCHERER?<\/h4><p>Wir verstehen uns nicht nur als Investoren, sondern als Partner, die langfristigen Erfolg anstreben. Unsere Philosophie basiert auf Innovation, Partnerschaft und Verantwortung. Jedes Unternehmen ist einzigartig, und deshalb entwickeln wir individuelle L\u00f6sungen, die exakt auf die Bed\u00fcrfnisse und Ziele unserer Partner abgestimmt sind.<\/p>\t\t\t\t\t\t\t\t<\/div>\n\t\t\t\t<\/div>\n\t\t\t\t\t<\/div>\n\t\t<\/div>\n\t\t\t\t\t<\/div>\n\t\t<\/section>\n\t\t\t\t<section class=\"elementor-section elementor-top-section elementor-element elementor-element-10e1644 elementor-section-boxed elementor-section-height-default elementor-section-height-default\" data-id=\"10e1644\" data-element_type=\"section\" data-e-type=\"section\">\n\t\t\t\t\t\t<div class=\"elementor-container elementor-column-gap-default\">\n\t\t\t\t\t<div class=\"elementor-column elementor-col-100 elementor-top-column elementor-element elementor-element-d3e57d1\" data-id=\"d3e57d1\" data-element_type=\"column\" data-e-type=\"column\">\n\t\t\t<div class=\"elementor-widget-wrap elementor-element-populated\">\n\t\t\t\t\t\t<div class=\"elementor-element elementor-element-5772cd4 elementor-widget elementor-widget-heading\" data-id=\"5772cd4\" data-element_type=\"widget\" data-e-type=\"widget\" data-widget_type=\"heading.default\">\n\t\t\t\t<div class=\"elementor-widget-container\">\n\t\t\t\t\t<h2 class=\"elementor-heading-title elementor-size-default\">Sie m\u00f6chten mehr \u00fcber uns erfahren?<\/h2>\t\t\t\t<\/div>\n\t\t\t\t<\/div>\n\t\t\t\t<div class=\"elementor-element elementor-element-f53ca58 elementor-widget elementor-widget-text-editor\" data-id=\"f53ca58\" data-element_type=\"widget\" data-e-type=\"widget\" data-widget_type=\"text-editor.default\">\n\t\t\t\t<div class=\"elementor-widget-container\">\n\t\t\t\t\t\t\t\t\t<p><strong>Wir stehen Ihnen bei allen Fragen gern beratend zur Seite. Z\u00f6gern Sie nicht und sprechen uns einfach an.<\/strong><\/p>\t\t\t\t\t\t\t\t<\/div>\n\t\t\t\t<\/div>\n\t\t\t\t<div class=\"elementor-element elementor-element-dd12be4 elementor-align-justify elementor-widget__width-initial elementor-widget elementor-widget-button\" data-id=\"dd12be4\" data-element_type=\"widget\" data-e-type=\"widget\" data-widget_type=\"button.default\">\n\t\t\t\t<div class=\"elementor-widget-container\">\n\t\t\t\t\t\t\t\t\t<div class=\"elementor-button-wrapper\">\n\t\t\t\t\t<a class=\"elementor-button elementor-button-link elementor-size-sm\" href=\"https:\/\/scherer-soehne.com\/de\/kontakt\/\">\n\t\t\t\t\t\t<span class=\"elementor-button-content-wrapper\">\n\t\t\t\t\t\t\t\t\t<span class=\"elementor-button-text\">Klicken Sie hier<\/span>\n\t\t\t\t\t<\/span>\n\t\t\t\t\t<\/a>\n\t\t\t\t<\/div>\n\t\t\t\t\t\t\t\t<\/div>\n\t\t\t\t<\/div>\n\t\t\t\t\t<\/div>\n\t\t<\/div>\n\t\t\t\t\t<\/div>\n\t\t<\/section>\n\t\t\t\t<\/div>","protected":false},"excerpt":{"rendered":"<p>Privat Equity Was wir tun Privat Equity Ein globaler Partner, lokale Expertise Herzlich willkommen bei der SCHERER, Ihrem Wegbereiter f\u00fcr exzellente Investitionsm\u00f6glichkeiten und nachhaltige Wertsch\u00f6pfung! Als Junges Unternehmen im Bereich Private Equity sind wir stolz darauf, Ihnen einen einzigartigen Zugang zu dynamischen und vielversprechenden Investitionschancen zu bieten. In einer dynamischen und sich stetig ver\u00e4ndernden Welt [&hellip;]<\/p>\n","protected":false},"author":1,"featured_media":0,"parent":0,"menu_order":0,"comment_status":"closed","ping_status":"closed","template":"elementor_header_footer","meta":{"site-sidebar-layout":"no-sidebar","site-content-layout":"page-builder","ast-site-content-layout":"full-width-container","site-content-style":"unboxed","site-sidebar-style":"unboxed","ast-global-header-display":"","ast-banner-title-visibility":"","ast-main-header-display":"","ast-hfb-above-header-display":"","ast-hfb-below-header-display":"","ast-hfb-mobile-header-display":"","site-post-title":"disabled","ast-breadcrumbs-content":"","ast-featured-img":"disabled","footer-sml-layout":"","ast-disable-related-posts":"","theme-transparent-header-meta":"","adv-header-id-meta":"","stick-header-meta":"","header-above-stick-meta":"","header-main-stick-meta":"","header-below-stick-meta":"","astra-migrate-meta-layouts":"set","ast-page-background-enabled":"default","ast-page-background-meta":{"desktop":{"background-color":"var(--ast-global-color-4)","background-image":"","background-repeat":"repeat","background-position":"center center","background-size":"auto","background-attachment":"scroll","background-type":"","background-media":"","overlay-type":"","overlay-color":"","overlay-opacity":"","overlay-gradient":""},"tablet":{"background-color":"","background-image":"","background-repeat":"repeat","background-position":"center center","background-size":"auto","background-attachment":"scroll","background-type":"","background-media":"","overlay-type":"","overlay-color":"","overlay-opacity":"","overlay-gradient":""},"mobile":{"background-color":"","background-image":"","background-repeat":"repeat","background-position":"center center","background-size":"auto","background-attachment":"scroll","background-type":"","background-media":"","overlay-type":"","overlay-color":"","overlay-opacity":"","overlay-gradient":""}},"ast-content-background-meta":{"desktop":{"background-color":"var(--ast-global-color-5)","background-image":"","background-repeat":"repeat","background-position":"center center","background-size":"auto","background-attachment":"scroll","background-type":"","background-media":"","overlay-type":"","overlay-color":"","overlay-opacity":"","overlay-gradient":""},"tablet":{"background-color":"var(--ast-global-color-5)","background-image":"","background-repeat":"repeat","background-position":"center center","background-size":"auto","background-attachment":"scroll","background-type":"","background-media":"","overlay-type":"","overlay-color":"","overlay-opacity":"","overlay-gradient":""},"mobile":{"background-color":"var(--ast-global-color-5)","background-image":"","background-repeat":"repeat","background-position":"center center","background-size":"auto","background-attachment":"scroll","background-type":"","background-media":"","overlay-type":"","overlay-color":"","overlay-opacity":"","overlay-gradient":""}},"footnotes":""},"class_list":["post-86","page","type-page","status-publish","hentry"],"_links":{"self":[{"href":"https:\/\/scherer-soehne.com\/de\/wp-json\/wp\/v2\/pages\/86","targetHints":{"allow":["GET"]}}],"collection":[{"href":"https:\/\/scherer-soehne.com\/de\/wp-json\/wp\/v2\/pages"}],"about":[{"href":"https:\/\/scherer-soehne.com\/de\/wp-json\/wp\/v2\/types\/page"}],"author":[{"embeddable":true,"href":"https:\/\/scherer-soehne.com\/de\/wp-json\/wp\/v2\/users\/1"}],"replies":[{"embeddable":true,"href":"https:\/\/scherer-soehne.com\/de\/wp-json\/wp\/v2\/comments?post=86"}],"version-history":[{"count":75,"href":"https:\/\/scherer-soehne.com\/de\/wp-json\/wp\/v2\/pages\/86\/revisions"}],"predecessor-version":[{"id":2018,"href":"https:\/\/scherer-soehne.com\/de\/wp-json\/wp\/v2\/pages\/86\/revisions\/2018"}],"wp:attachment":[{"href":"https:\/\/scherer-soehne.com\/de\/wp-json\/wp\/v2\/media?parent=86"}],"curies":[{"name":"wp","href":"https:\/\/api.w.org\/{rel}","templated":true}]}}