{"id":82,"date":"2023-07-11T14:34:49","date_gmt":"2023-07-11T14:34:49","guid":{"rendered":"https:\/\/scherer-soehne.com\/?page_id=82"},"modified":"2025-03-19T10:08:25","modified_gmt":"2025-03-19T10:08:25","slug":"privat-equity-tech-invest","status":"publish","type":"page","link":"https:\/\/scherer-soehne.com\/de\/privat-equity-tech-invest\/","title":{"rendered":"Technologie Investitionen"},"content":{"rendered":"<div data-elementor-type=\"wp-page\" data-elementor-id=\"82\" class=\"elementor elementor-82\" data-elementor-post-type=\"page\">\n\t\t\t\t\t\t<section class=\"elementor-section elementor-top-section elementor-element elementor-element-4830c38 elementor-section-height-min-height elementor-section-boxed elementor-section-height-default elementor-section-items-middle\" data-id=\"4830c38\" data-element_type=\"section\" data-e-type=\"section\" data-settings=\"{&quot;background_background&quot;:&quot;classic&quot;}\">\n\t\t\t\t\t\t\t<div class=\"elementor-background-overlay\"><\/div>\n\t\t\t\t\t\t\t<div class=\"elementor-container elementor-column-gap-default\">\n\t\t\t\t\t<div class=\"elementor-column elementor-col-100 elementor-top-column elementor-element elementor-element-c02f8ca\" data-id=\"c02f8ca\" data-element_type=\"column\" data-e-type=\"column\">\n\t\t\t<div class=\"elementor-widget-wrap elementor-element-populated\">\n\t\t\t\t\t\t<div class=\"elementor-element elementor-element-abbd664 animated-fast elementor-invisible elementor-widget elementor-widget-heading\" data-id=\"abbd664\" data-element_type=\"widget\" data-e-type=\"widget\" data-settings=\"{&quot;_animation&quot;:&quot;fadeIn&quot;}\" data-widget_type=\"heading.default\">\n\t\t\t\t<div class=\"elementor-widget-container\">\n\t\t\t\t\t<h1 class=\"elementor-heading-title elementor-size-default\">Tech Investments<\/h1>\t\t\t\t<\/div>\n\t\t\t\t<\/div>\n\t\t\t\t\t<\/div>\n\t\t<\/div>\n\t\t\t\t\t<\/div>\n\t\t<\/section>\n\t\t\t\t<section class=\"elementor-section elementor-top-section elementor-element elementor-element-a78048e elementor-section-boxed elementor-section-height-default elementor-section-height-default\" data-id=\"a78048e\" data-element_type=\"section\" data-e-type=\"section\" data-settings=\"{&quot;background_background&quot;:&quot;classic&quot;}\">\n\t\t\t\t\t\t<div class=\"elementor-container elementor-column-gap-default\">\n\t\t\t\t\t<div class=\"elementor-column elementor-col-50 elementor-top-column elementor-element elementor-element-3be1150\" data-id=\"3be1150\" data-element_type=\"column\" data-e-type=\"column\">\n\t\t\t<div class=\"elementor-widget-wrap elementor-element-populated\">\n\t\t\t\t\t\t<div class=\"elementor-element elementor-element-b706825 elementor-widget elementor-widget-image\" data-id=\"b706825\" data-element_type=\"widget\" data-e-type=\"widget\" data-widget_type=\"image.default\">\n\t\t\t\t<div class=\"elementor-widget-container\">\n\t\t\t\t\t\t\t\t\t\t\t\t\t\t\t<img fetchpriority=\"high\" decoding=\"async\" width=\"1040\" height=\"1572\" src=\"https:\/\/scherer-soehne.com\/wp-content\/uploads\/2024\/11\/Bild-27.11.24-um-15.48.jpg\" class=\"attachment-full size-full wp-image-1610\" alt=\"\" srcset=\"https:\/\/scherer-soehne.com\/wp-content\/uploads\/2024\/11\/Bild-27.11.24-um-15.48.jpg 1040w, https:\/\/scherer-soehne.com\/wp-content\/uploads\/2024\/11\/Bild-27.11.24-um-15.48-198x300.jpg 198w, https:\/\/scherer-soehne.com\/wp-content\/uploads\/2024\/11\/Bild-27.11.24-um-15.48-677x1024.jpg 677w, https:\/\/scherer-soehne.com\/wp-content\/uploads\/2024\/11\/Bild-27.11.24-um-15.48-768x1161.jpg 768w, https:\/\/scherer-soehne.com\/wp-content\/uploads\/2024\/11\/Bild-27.11.24-um-15.48-1016x1536.jpg 1016w, https:\/\/scherer-soehne.com\/wp-content\/uploads\/2024\/11\/Bild-27.11.24-um-15.48-8x12.jpg 8w, https:\/\/scherer-soehne.com\/wp-content\/uploads\/2024\/11\/Bild-27.11.24-um-15.48-600x907.jpg 600w\" sizes=\"(max-width: 1040px) 100vw, 1040px\" \/>\t\t\t\t\t\t\t\t\t\t\t\t\t\t\t<\/div>\n\t\t\t\t<\/div>\n\t\t\t\t\t<\/div>\n\t\t<\/div>\n\t\t\t\t<div class=\"elementor-column elementor-col-50 elementor-top-column elementor-element elementor-element-2a3cd34 animated-slow elementor-invisible\" data-id=\"2a3cd34\" data-element_type=\"column\" data-e-type=\"column\" data-settings=\"{&quot;animation&quot;:&quot;fadeInLeft&quot;}\">\n\t\t\t<div class=\"elementor-widget-wrap elementor-element-populated\">\n\t\t\t\t\t\t<div class=\"elementor-element elementor-element-116d751 elementor-widget elementor-widget-heading\" data-id=\"116d751\" data-element_type=\"widget\" data-e-type=\"widget\" data-widget_type=\"heading.default\">\n\t\t\t\t<div class=\"elementor-widget-container\">\n\t\t\t\t\t<h3 class=\"elementor-heading-title elementor-size-default\">Privat Equity <\/h3>\t\t\t\t<\/div>\n\t\t\t\t<\/div>\n\t\t\t\t<div class=\"elementor-element elementor-element-ae258c0 elementor-widget elementor-widget-heading\" data-id=\"ae258c0\" data-element_type=\"widget\" data-e-type=\"widget\" data-widget_type=\"heading.default\">\n\t\t\t\t<div class=\"elementor-widget-container\">\n\t\t\t\t\t<h2 class=\"elementor-heading-title elementor-size-default\">Technologie Investitionen<\/h2>\t\t\t\t<\/div>\n\t\t\t\t<\/div>\n\t\t\t\t<div class=\"elementor-element elementor-element-cab6c3e elementor-widget elementor-widget-text-editor\" data-id=\"cab6c3e\" data-element_type=\"widget\" data-e-type=\"widget\" data-widget_type=\"text-editor.default\">\n\t\t\t\t<div class=\"elementor-widget-container\">\n\t\t\t\t\t\t\t\t\t<p><strong>SCHERER investiert gezielt in wachsende Technologieunternehmen mit Sitz in Europa, die \u00fcber bew\u00e4hrte Produkte und Endm\u00e4rkte verf\u00fcgen.<\/strong><\/p><p>Wir konzentrieren uns auf Unternehmen, die das Potenzial haben, international zu expandieren, und die in der Lage sind, mission-kritische Probleme zu l\u00f6sen. Diese Unternehmen bieten zahlreiche Wachstumschancen sowie signifikante Cashflow-Generierung bei gleichzeitig stabilen wiederkehrenden Ums\u00e4tzen und guter Umsatzsichtbarkeit. Wir streben Mehrheitsbeteiligungen an Unternehmen mit einem Umsatz von etwa 5 Millionen US-Dollar oder mehr und positivem EBITDA, die Eigenkapitalinvestitionen zwischen 5 und 50 Millionen US-Dollar erfordern. In der Regel arbeiten wir mit Gr\u00fcndern zusammen, die weiterhin gemeinsam mit uns investieren, um das n\u00e4chste Wachstumsniveau f\u00fcr ihre Unternehmen zu erschlie\u00dfen.<\/p><p>Das Post-Akquisitionsmodell von SCHERER bietet wertsteigernde Management- und Aufsicht-Unterst\u00fctzung durch eine Kombination aus finanzieller, operativer und strategischer Expertise. Unterst\u00fctzt durch unsere operativen Partner streben wir an, ein strategischer Partner f\u00fcr Gr\u00fcnder und Management-Teams zu sein, indem wir sowohl menschliche als auch finanzielle Ressourcen bereitstellen, um beschleunigtes Wachstum voranzutreiben (durch Add-on-Akquisitionen und globale Expansion, unter Nutzung von SCHERERs globaler Reichweite) und operative Verbesserungen umzusetzen.<\/p>\t\t\t\t\t\t\t\t<\/div>\n\t\t\t\t<\/div>\n\t\t\t\t<div class=\"elementor-element elementor-element-b4f418d elementor-widget__width-inherit animated-fast elementor-widget-mobile__width-inherit elementor-align-justify elementor-invisible elementor-widget elementor-widget-button\" data-id=\"b4f418d\" data-element_type=\"widget\" data-e-type=\"widget\" data-settings=\"{&quot;_animation&quot;:&quot;fadeIn&quot;,&quot;_animation_delay&quot;:500}\" data-widget_type=\"button.default\">\n\t\t\t\t<div class=\"elementor-widget-container\">\n\t\t\t\t\t\t\t\t\t<div class=\"elementor-button-wrapper\">\n\t\t\t\t\t<a class=\"elementor-button elementor-button-link elementor-size-sm\" href=\"https:\/\/scherer-soehne.com\/de\/privat-equity\/\">\n\t\t\t\t\t\t<span class=\"elementor-button-content-wrapper\">\n\t\t\t\t\t\t\t\t\t<span class=\"elementor-button-text\">Mehr zu Privat Equity<\/span>\n\t\t\t\t\t<\/span>\n\t\t\t\t\t<\/a>\n\t\t\t\t<\/div>\n\t\t\t\t\t\t\t\t<\/div>\n\t\t\t\t<\/div>\n\t\t\t\t\t<\/div>\n\t\t<\/div>\n\t\t\t\t\t<\/div>\n\t\t<\/section>\n\t\t\t\t<section class=\"elementor-section elementor-top-section elementor-element elementor-element-b186e59 elementor-section-boxed elementor-section-height-default elementor-section-height-default\" data-id=\"b186e59\" data-element_type=\"section\" data-e-type=\"section\">\n\t\t\t\t\t\t<div class=\"elementor-container elementor-column-gap-default\">\n\t\t\t\t\t<div class=\"elementor-column elementor-col-100 elementor-top-column elementor-element elementor-element-927e298\" data-id=\"927e298\" data-element_type=\"column\" data-e-type=\"column\">\n\t\t\t<div class=\"elementor-widget-wrap elementor-element-populated\">\n\t\t\t\t\t\t<div class=\"elementor-element elementor-element-81e4f63 elementor-widget elementor-widget-heading\" data-id=\"81e4f63\" data-element_type=\"widget\" data-e-type=\"widget\" data-widget_type=\"heading.default\">\n\t\t\t\t<div class=\"elementor-widget-container\">\n\t\t\t\t\t<h2 class=\"elementor-heading-title elementor-size-default\">Sie m\u00f6chten mehr \u00fcber uns erfahren?<\/h2>\t\t\t\t<\/div>\n\t\t\t\t<\/div>\n\t\t\t\t<div class=\"elementor-element elementor-element-a845ee0 elementor-widget elementor-widget-text-editor\" data-id=\"a845ee0\" data-element_type=\"widget\" data-e-type=\"widget\" data-widget_type=\"text-editor.default\">\n\t\t\t\t<div class=\"elementor-widget-container\">\n\t\t\t\t\t\t\t\t\t<p><strong>Wir stehen Ihnen bei allen Fragen gern beratend zur Seite. Z\u00f6gern Sie nicht und sprechen uns einfach an.<\/strong><\/p>\t\t\t\t\t\t\t\t<\/div>\n\t\t\t\t<\/div>\n\t\t\t\t<div class=\"elementor-element elementor-element-366b4fa elementor-align-justify elementor-widget__width-initial elementor-widget elementor-widget-button\" data-id=\"366b4fa\" data-element_type=\"widget\" data-e-type=\"widget\" data-widget_type=\"button.default\">\n\t\t\t\t<div class=\"elementor-widget-container\">\n\t\t\t\t\t\t\t\t\t<div class=\"elementor-button-wrapper\">\n\t\t\t\t\t<a class=\"elementor-button elementor-button-link elementor-size-sm\" href=\"https:\/\/scherer-soehne.com\/de\/kontakt\/\">\n\t\t\t\t\t\t<span class=\"elementor-button-content-wrapper\">\n\t\t\t\t\t\t\t\t\t<span class=\"elementor-button-text\">Klicken Sie hier<\/span>\n\t\t\t\t\t<\/span>\n\t\t\t\t\t<\/a>\n\t\t\t\t<\/div>\n\t\t\t\t\t\t\t\t<\/div>\n\t\t\t\t<\/div>\n\t\t\t\t\t<\/div>\n\t\t<\/div>\n\t\t\t\t\t<\/div>\n\t\t<\/section>\n\t\t\t\t<\/div>","protected":false},"excerpt":{"rendered":"<p>Tech Investments Privat Equity Technologie Investitionen SCHERER investiert gezielt in wachsende Technologieunternehmen mit Sitz in Europa, die \u00fcber bew\u00e4hrte Produkte und Endm\u00e4rkte verf\u00fcgen. Wir konzentrieren uns auf Unternehmen, die das Potenzial haben, international zu expandieren, und die in der Lage sind, mission-kritische Probleme zu l\u00f6sen. Diese Unternehmen bieten zahlreiche Wachstumschancen sowie signifikante Cashflow-Generierung bei gleichzeitig [&hellip;]<\/p>\n","protected":false},"author":1,"featured_media":0,"parent":0,"menu_order":0,"comment_status":"closed","ping_status":"closed","template":"elementor_header_footer","meta":{"site-sidebar-layout":"no-sidebar","site-content-layout":"page-builder","ast-site-content-layout":"full-width-container","site-content-style":"unboxed","site-sidebar-style":"unboxed","ast-global-header-display":"","ast-banner-title-visibility":"","ast-main-header-display":"","ast-hfb-above-header-display":"","ast-hfb-below-header-display":"","ast-hfb-mobile-header-display":"","site-post-title":"disabled","ast-breadcrumbs-content":"","ast-featured-img":"disabled","footer-sml-layout":"","ast-disable-related-posts":"","theme-transparent-header-meta":"","adv-header-id-meta":"","stick-header-meta":"","header-above-stick-meta":"","header-main-stick-meta":"","header-below-stick-meta":"","astra-migrate-meta-layouts":"set","ast-page-background-enabled":"default","ast-page-background-meta":{"desktop":{"background-color":"var(--ast-global-color-4)","background-image":"","background-repeat":"repeat","background-position":"center center","background-size":"auto","background-attachment":"scroll","background-type":"","background-media":"","overlay-type":"","overlay-color":"","overlay-opacity":"","overlay-gradient":""},"tablet":{"background-color":"","background-image":"","background-repeat":"repeat","background-position":"center center","background-size":"auto","background-attachment":"scroll","background-type":"","background-media":"","overlay-type":"","overlay-color":"","overlay-opacity":"","overlay-gradient":""},"mobile":{"background-color":"","background-image":"","background-repeat":"repeat","background-position":"center center","background-size":"auto","background-attachment":"scroll","background-type":"","background-media":"","overlay-type":"","overlay-color":"","overlay-opacity":"","overlay-gradient":""}},"ast-content-background-meta":{"desktop":{"background-color":"var(--ast-global-color-5)","background-image":"","background-repeat":"repeat","background-position":"center center","background-size":"auto","background-attachment":"scroll","background-type":"","background-media":"","overlay-type":"","overlay-color":"","overlay-opacity":"","overlay-gradient":""},"tablet":{"background-color":"var(--ast-global-color-5)","background-image":"","background-repeat":"repeat","background-position":"center center","background-size":"auto","background-attachment":"scroll","background-type":"","background-media":"","overlay-type":"","overlay-color":"","overlay-opacity":"","overlay-gradient":""},"mobile":{"background-color":"var(--ast-global-color-5)","background-image":"","background-repeat":"repeat","background-position":"center center","background-size":"auto","background-attachment":"scroll","background-type":"","background-media":"","overlay-type":"","overlay-color":"","overlay-opacity":"","overlay-gradient":""}},"footnotes":""},"class_list":["post-82","page","type-page","status-publish","hentry"],"_links":{"self":[{"href":"https:\/\/scherer-soehne.com\/de\/wp-json\/wp\/v2\/pages\/82","targetHints":{"allow":["GET"]}}],"collection":[{"href":"https:\/\/scherer-soehne.com\/de\/wp-json\/wp\/v2\/pages"}],"about":[{"href":"https:\/\/scherer-soehne.com\/de\/wp-json\/wp\/v2\/types\/page"}],"author":[{"embeddable":true,"href":"https:\/\/scherer-soehne.com\/de\/wp-json\/wp\/v2\/users\/1"}],"replies":[{"embeddable":true,"href":"https:\/\/scherer-soehne.com\/de\/wp-json\/wp\/v2\/comments?post=82"}],"version-history":[{"count":57,"href":"https:\/\/scherer-soehne.com\/de\/wp-json\/wp\/v2\/pages\/82\/revisions"}],"predecessor-version":[{"id":2010,"href":"https:\/\/scherer-soehne.com\/de\/wp-json\/wp\/v2\/pages\/82\/revisions\/2010"}],"wp:attachment":[{"href":"https:\/\/scherer-soehne.com\/de\/wp-json\/wp\/v2\/media?parent=82"}],"curies":[{"name":"wp","href":"https:\/\/api.w.org\/{rel}","templated":true}]}}