{"id":80,"date":"2024-11-28T14:34:33","date_gmt":"2024-11-28T14:34:33","guid":{"rendered":"https:\/\/scherer-soehne.com\/?page_id=80"},"modified":"2025-03-19T10:07:28","modified_gmt":"2025-03-19T10:07:28","slug":"consulting","status":"publish","type":"page","link":"https:\/\/scherer-soehne.com\/de\/consulting\/","title":{"rendered":"Consulting"},"content":{"rendered":"<div data-elementor-type=\"wp-page\" data-elementor-id=\"80\" class=\"elementor elementor-80\" data-elementor-post-type=\"page\">\n\t\t\t\t\t\t<section class=\"elementor-section elementor-top-section elementor-element elementor-element-eb73021 elementor-section-height-min-height elementor-section-boxed elementor-section-height-default elementor-section-items-middle\" data-id=\"eb73021\" data-element_type=\"section\" data-e-type=\"section\" data-settings=\"{&quot;background_background&quot;:&quot;classic&quot;}\">\n\t\t\t\t\t\t\t<div class=\"elementor-background-overlay\"><\/div>\n\t\t\t\t\t\t\t<div class=\"elementor-container elementor-column-gap-default\">\n\t\t\t\t\t<div class=\"elementor-column elementor-col-100 elementor-top-column elementor-element elementor-element-8d8bdbc\" data-id=\"8d8bdbc\" data-element_type=\"column\" data-e-type=\"column\">\n\t\t\t<div class=\"elementor-widget-wrap elementor-element-populated\">\n\t\t\t\t\t\t<div class=\"elementor-element elementor-element-8e7afdd animated-fast elementor-invisible elementor-widget elementor-widget-heading\" data-id=\"8e7afdd\" data-element_type=\"widget\" data-e-type=\"widget\" data-settings=\"{&quot;_animation&quot;:&quot;fadeIn&quot;}\" data-widget_type=\"heading.default\">\n\t\t\t\t<div class=\"elementor-widget-container\">\n\t\t\t\t\t<h1 class=\"elementor-heading-title elementor-size-default\">Consulting\/ Managementberatung<\/h1>\t\t\t\t<\/div>\n\t\t\t\t<\/div>\n\t\t\t\t\t<\/div>\n\t\t<\/div>\n\t\t\t\t\t<\/div>\n\t\t<\/section>\n\t\t\t\t<section class=\"elementor-section elementor-top-section elementor-element elementor-element-1441a58 elementor-section-height-min-height elementor-section-content-middle elementor-section-boxed elementor-section-height-default elementor-section-items-middle\" data-id=\"1441a58\" data-element_type=\"section\" data-e-type=\"section\" data-settings=\"{&quot;background_background&quot;:&quot;classic&quot;}\">\n\t\t\t\t\t\t\t<div class=\"elementor-background-overlay\"><\/div>\n\t\t\t\t\t\t\t<div class=\"elementor-container elementor-column-gap-default\">\n\t\t\t\t\t<div class=\"elementor-column elementor-col-50 elementor-top-column elementor-element elementor-element-8ca1990\" data-id=\"8ca1990\" data-element_type=\"column\" data-e-type=\"column\">\n\t\t\t<div class=\"elementor-widget-wrap elementor-element-populated\">\n\t\t\t\t\t\t<div class=\"elementor-element elementor-element-38181b7 elementor-widget__width-initial elementor-widget elementor-widget-image\" data-id=\"38181b7\" data-element_type=\"widget\" data-e-type=\"widget\" data-widget_type=\"image.default\">\n\t\t\t\t<div class=\"elementor-widget-container\">\n\t\t\t\t\t\t\t\t\t\t\t\t\t\t\t<img fetchpriority=\"high\" decoding=\"async\" width=\"538\" height=\"560\" src=\"https:\/\/scherer-soehne.com\/wp-content\/uploads\/2024\/11\/Bildschirmfoto-2024-11-28-um-11.47.47.png\" class=\"attachment-large size-large wp-image-1695\" alt=\"\" srcset=\"https:\/\/scherer-soehne.com\/wp-content\/uploads\/2024\/11\/Bildschirmfoto-2024-11-28-um-11.47.47.png 538w, https:\/\/scherer-soehne.com\/wp-content\/uploads\/2024\/11\/Bildschirmfoto-2024-11-28-um-11.47.47-288x300.png 288w, https:\/\/scherer-soehne.com\/wp-content\/uploads\/2024\/11\/Bildschirmfoto-2024-11-28-um-11.47.47-12x12.png 12w\" sizes=\"(max-width: 538px) 100vw, 538px\" \/>\t\t\t\t\t\t\t\t\t\t\t\t\t\t\t<\/div>\n\t\t\t\t<\/div>\n\t\t\t\t<div class=\"elementor-element elementor-element-2f05bd0 elementor-widget__width-initial elementor-widget elementor-widget-heading\" data-id=\"2f05bd0\" data-element_type=\"widget\" data-e-type=\"widget\" data-widget_type=\"heading.default\">\n\t\t\t\t<div class=\"elementor-widget-container\">\n\t\t\t\t\t<h2 class=\"elementor-heading-title elementor-size-default\"><a href=\"#werte\">Firmenneugr\u00fcndung<\/a><\/h2>\t\t\t\t<\/div>\n\t\t\t\t<\/div>\n\t\t\t\t\t<\/div>\n\t\t<\/div>\n\t\t\t\t<div class=\"elementor-column elementor-col-50 elementor-top-column elementor-element elementor-element-9f1aa68\" data-id=\"9f1aa68\" data-element_type=\"column\" data-e-type=\"column\">\n\t\t\t<div class=\"elementor-widget-wrap elementor-element-populated\">\n\t\t\t\t\t\t<div class=\"elementor-element elementor-element-eb3627d elementor-widget__width-initial elementor-widget elementor-widget-image\" data-id=\"eb3627d\" data-element_type=\"widget\" data-e-type=\"widget\" data-widget_type=\"image.default\">\n\t\t\t\t<div class=\"elementor-widget-container\">\n\t\t\t\t\t\t\t\t\t\t\t\t\t\t\t<img decoding=\"async\" width=\"562\" height=\"560\" src=\"https:\/\/scherer-soehne.com\/wp-content\/uploads\/2024\/11\/Bildschirmfoto-2024-11-28-um-12.29.32.png\" class=\"attachment-large size-large wp-image-1709\" alt=\"\" srcset=\"https:\/\/scherer-soehne.com\/wp-content\/uploads\/2024\/11\/Bildschirmfoto-2024-11-28-um-12.29.32.png 562w, https:\/\/scherer-soehne.com\/wp-content\/uploads\/2024\/11\/Bildschirmfoto-2024-11-28-um-12.29.32-300x300.png 300w, https:\/\/scherer-soehne.com\/wp-content\/uploads\/2024\/11\/Bildschirmfoto-2024-11-28-um-12.29.32-150x150.png 150w, https:\/\/scherer-soehne.com\/wp-content\/uploads\/2024\/11\/Bildschirmfoto-2024-11-28-um-12.29.32-12x12.png 12w, https:\/\/scherer-soehne.com\/wp-content\/uploads\/2024\/11\/Bildschirmfoto-2024-11-28-um-12.29.32-100x100.png 100w\" sizes=\"(max-width: 562px) 100vw, 562px\" \/>\t\t\t\t\t\t\t\t\t\t\t\t\t\t\t<\/div>\n\t\t\t\t<\/div>\n\t\t\t\t<div class=\"elementor-element elementor-element-3a1140a elementor-widget__width-initial elementor-widget elementor-widget-heading\" data-id=\"3a1140a\" data-element_type=\"widget\" data-e-type=\"widget\" data-widget_type=\"heading.default\">\n\t\t\t\t<div class=\"elementor-widget-container\">\n\t\t\t\t\t<h2 class=\"elementor-heading-title elementor-size-default\"><a href=\"#werte\">Business- oder Budgetplanungen<\/a><\/h2>\t\t\t\t<\/div>\n\t\t\t\t<\/div>\n\t\t\t\t\t<\/div>\n\t\t<\/div>\n\t\t\t\t\t<\/div>\n\t\t<\/section>\n\t\t\t\t<section class=\"elementor-section elementor-top-section elementor-element elementor-element-b4fbf51 elementor-section-height-min-height elementor-section-content-middle elementor-section-boxed elementor-section-height-default elementor-section-items-middle\" data-id=\"b4fbf51\" data-element_type=\"section\" data-e-type=\"section\" data-settings=\"{&quot;background_background&quot;:&quot;classic&quot;}\">\n\t\t\t\t\t\t\t<div class=\"elementor-background-overlay\"><\/div>\n\t\t\t\t\t\t\t<div class=\"elementor-container elementor-column-gap-default\">\n\t\t\t\t\t<div class=\"elementor-column elementor-col-50 elementor-top-column elementor-element elementor-element-b23aed8\" data-id=\"b23aed8\" data-element_type=\"column\" data-e-type=\"column\">\n\t\t\t<div class=\"elementor-widget-wrap elementor-element-populated\">\n\t\t\t\t\t\t<div class=\"elementor-element elementor-element-8bcded9 elementor-widget__width-initial elementor-widget elementor-widget-image\" data-id=\"8bcded9\" data-element_type=\"widget\" data-e-type=\"widget\" data-widget_type=\"image.default\">\n\t\t\t\t<div class=\"elementor-widget-container\">\n\t\t\t\t\t\t\t\t\t\t\t\t\t\t\t<img decoding=\"async\" width=\"562\" height=\"560\" src=\"https:\/\/scherer-soehne.com\/wp-content\/uploads\/2024\/11\/Bildschirmfoto-2024-11-28-um-12.10.25.png\" class=\"attachment-large size-large wp-image-1704\" alt=\"\" srcset=\"https:\/\/scherer-soehne.com\/wp-content\/uploads\/2024\/11\/Bildschirmfoto-2024-11-28-um-12.10.25.png 562w, https:\/\/scherer-soehne.com\/wp-content\/uploads\/2024\/11\/Bildschirmfoto-2024-11-28-um-12.10.25-300x300.png 300w, https:\/\/scherer-soehne.com\/wp-content\/uploads\/2024\/11\/Bildschirmfoto-2024-11-28-um-12.10.25-150x150.png 150w, https:\/\/scherer-soehne.com\/wp-content\/uploads\/2024\/11\/Bildschirmfoto-2024-11-28-um-12.10.25-12x12.png 12w, https:\/\/scherer-soehne.com\/wp-content\/uploads\/2024\/11\/Bildschirmfoto-2024-11-28-um-12.10.25-100x100.png 100w\" sizes=\"(max-width: 562px) 100vw, 562px\" \/>\t\t\t\t\t\t\t\t\t\t\t\t\t\t\t<\/div>\n\t\t\t\t<\/div>\n\t\t\t\t<div class=\"elementor-element elementor-element-22a790e elementor-widget__width-initial elementor-widget elementor-widget-heading\" data-id=\"22a790e\" data-element_type=\"widget\" data-e-type=\"widget\" data-widget_type=\"heading.default\">\n\t\t\t\t<div class=\"elementor-widget-container\">\n\t\t\t\t\t<h2 class=\"elementor-heading-title elementor-size-default\"><a href=\"#werte\">Forschung- oder F\u00f6rderzusch\u00fcsse<\/a><\/h2>\t\t\t\t<\/div>\n\t\t\t\t<\/div>\n\t\t\t\t\t<\/div>\n\t\t<\/div>\n\t\t\t\t<div class=\"elementor-column elementor-col-50 elementor-top-column elementor-element elementor-element-bb16ac2\" data-id=\"bb16ac2\" data-element_type=\"column\" data-e-type=\"column\">\n\t\t\t<div class=\"elementor-widget-wrap elementor-element-populated\">\n\t\t\t\t\t\t<div class=\"elementor-element elementor-element-4aa3e53 elementor-widget__width-initial elementor-widget elementor-widget-image\" data-id=\"4aa3e53\" data-element_type=\"widget\" data-e-type=\"widget\" data-widget_type=\"image.default\">\n\t\t\t\t<div class=\"elementor-widget-container\">\n\t\t\t\t\t\t\t\t\t\t\t\t\t\t\t<img loading=\"lazy\" decoding=\"async\" width=\"462\" height=\"496\" src=\"https:\/\/scherer-soehne.com\/wp-content\/uploads\/2024\/11\/Bildschirmfoto-2024-11-28-um-11.00.26.png\" class=\"attachment-large size-large wp-image-1666\" alt=\"\" srcset=\"https:\/\/scherer-soehne.com\/wp-content\/uploads\/2024\/11\/Bildschirmfoto-2024-11-28-um-11.00.26.png 462w, https:\/\/scherer-soehne.com\/wp-content\/uploads\/2024\/11\/Bildschirmfoto-2024-11-28-um-11.00.26-279x300.png 279w, https:\/\/scherer-soehne.com\/wp-content\/uploads\/2024\/11\/Bildschirmfoto-2024-11-28-um-11.00.26-11x12.png 11w\" sizes=\"(max-width: 462px) 100vw, 462px\" \/>\t\t\t\t\t\t\t\t\t\t\t\t\t\t\t<\/div>\n\t\t\t\t<\/div>\n\t\t\t\t<div class=\"elementor-element elementor-element-6d96feb elementor-widget__width-initial elementor-widget elementor-widget-heading\" data-id=\"6d96feb\" data-element_type=\"widget\" data-e-type=\"widget\" data-widget_type=\"heading.default\">\n\t\t\t\t<div class=\"elementor-widget-container\">\n\t\t\t\t\t<h2 class=\"elementor-heading-title elementor-size-default\"><a href=\"#werte\">Einf\u00fchrung eines Qualit\u00e4tsmanagements<\/a><\/h2>\t\t\t\t<\/div>\n\t\t\t\t<\/div>\n\t\t\t\t\t<\/div>\n\t\t<\/div>\n\t\t\t\t\t<\/div>\n\t\t<\/section>\n\t\t\t\t<section class=\"elementor-section elementor-top-section elementor-element elementor-element-4403822 elementor-section-height-min-height elementor-section-content-middle elementor-section-boxed elementor-section-height-default elementor-section-items-middle\" data-id=\"4403822\" data-element_type=\"section\" data-e-type=\"section\" data-settings=\"{&quot;background_background&quot;:&quot;classic&quot;}\">\n\t\t\t\t\t\t\t<div class=\"elementor-background-overlay\"><\/div>\n\t\t\t\t\t\t\t<div class=\"elementor-container elementor-column-gap-default\">\n\t\t\t\t\t<div class=\"elementor-column elementor-col-50 elementor-top-column elementor-element elementor-element-2805d4b\" data-id=\"2805d4b\" data-element_type=\"column\" data-e-type=\"column\">\n\t\t\t<div class=\"elementor-widget-wrap elementor-element-populated\">\n\t\t\t\t\t\t<div class=\"elementor-element elementor-element-668530e elementor-widget__width-initial elementor-widget elementor-widget-image\" data-id=\"668530e\" data-element_type=\"widget\" data-e-type=\"widget\" data-widget_type=\"image.default\">\n\t\t\t\t<div class=\"elementor-widget-container\">\n\t\t\t\t\t\t\t\t\t\t\t\t\t\t\t<img loading=\"lazy\" decoding=\"async\" width=\"606\" height=\"598\" src=\"https:\/\/scherer-soehne.com\/wp-content\/uploads\/2024\/11\/Bildschirmfoto-2024-11-28-um-10.59.55.png\" class=\"attachment-large size-large wp-image-1665\" alt=\"\" srcset=\"https:\/\/scherer-soehne.com\/wp-content\/uploads\/2024\/11\/Bildschirmfoto-2024-11-28-um-10.59.55.png 606w, https:\/\/scherer-soehne.com\/wp-content\/uploads\/2024\/11\/Bildschirmfoto-2024-11-28-um-10.59.55-300x296.png 300w, https:\/\/scherer-soehne.com\/wp-content\/uploads\/2024\/11\/Bildschirmfoto-2024-11-28-um-10.59.55-12x12.png 12w, https:\/\/scherer-soehne.com\/wp-content\/uploads\/2024\/11\/Bildschirmfoto-2024-11-28-um-10.59.55-600x592.png 600w, https:\/\/scherer-soehne.com\/wp-content\/uploads\/2024\/11\/Bildschirmfoto-2024-11-28-um-10.59.55-100x100.png 100w\" sizes=\"(max-width: 606px) 100vw, 606px\" \/>\t\t\t\t\t\t\t\t\t\t\t\t\t\t\t<\/div>\n\t\t\t\t<\/div>\n\t\t\t\t<div class=\"elementor-element elementor-element-b231a4a elementor-widget__width-initial elementor-widget elementor-widget-heading\" data-id=\"b231a4a\" data-element_type=\"widget\" data-e-type=\"widget\" data-widget_type=\"heading.default\">\n\t\t\t\t<div class=\"elementor-widget-container\">\n\t\t\t\t\t<h2 class=\"elementor-heading-title elementor-size-default\"><a href=\"#werte\">Vertribsnetz<\/a><\/h2>\t\t\t\t<\/div>\n\t\t\t\t<\/div>\n\t\t\t\t\t<\/div>\n\t\t<\/div>\n\t\t\t\t<div class=\"elementor-column elementor-col-50 elementor-top-column elementor-element elementor-element-a489ba3\" data-id=\"a489ba3\" data-element_type=\"column\" data-e-type=\"column\">\n\t\t\t<div class=\"elementor-widget-wrap elementor-element-populated\">\n\t\t\t\t\t\t<div class=\"elementor-element elementor-element-50f0d27 elementor-widget__width-initial elementor-widget elementor-widget-image\" data-id=\"50f0d27\" data-element_type=\"widget\" data-e-type=\"widget\" data-widget_type=\"image.default\">\n\t\t\t\t<div class=\"elementor-widget-container\">\n\t\t\t\t\t\t\t\t\t\t\t\t\t\t\t<img loading=\"lazy\" decoding=\"async\" width=\"544\" height=\"546\" src=\"https:\/\/scherer-soehne.com\/wp-content\/uploads\/2024\/11\/Bildschirmfoto-2024-11-28-um-11.00.12.png\" class=\"attachment-large size-large wp-image-1667\" alt=\"\" srcset=\"https:\/\/scherer-soehne.com\/wp-content\/uploads\/2024\/11\/Bildschirmfoto-2024-11-28-um-11.00.12.png 544w, https:\/\/scherer-soehne.com\/wp-content\/uploads\/2024\/11\/Bildschirmfoto-2024-11-28-um-11.00.12-300x300.png 300w, https:\/\/scherer-soehne.com\/wp-content\/uploads\/2024\/11\/Bildschirmfoto-2024-11-28-um-11.00.12-150x150.png 150w, https:\/\/scherer-soehne.com\/wp-content\/uploads\/2024\/11\/Bildschirmfoto-2024-11-28-um-11.00.12-12x12.png 12w, https:\/\/scherer-soehne.com\/wp-content\/uploads\/2024\/11\/Bildschirmfoto-2024-11-28-um-11.00.12-100x100.png 100w\" sizes=\"(max-width: 544px) 100vw, 544px\" \/>\t\t\t\t\t\t\t\t\t\t\t\t\t\t\t<\/div>\n\t\t\t\t<\/div>\n\t\t\t\t<div class=\"elementor-element elementor-element-a54a004 elementor-widget__width-initial elementor-widget elementor-widget-heading\" data-id=\"a54a004\" data-element_type=\"widget\" data-e-type=\"widget\" data-widget_type=\"heading.default\">\n\t\t\t\t<div class=\"elementor-widget-container\">\n\t\t\t\t\t<h2 class=\"elementor-heading-title elementor-size-default\"><a href=\"#werte\">Umweltmanagement<\/a><\/h2>\t\t\t\t<\/div>\n\t\t\t\t<\/div>\n\t\t\t\t\t<\/div>\n\t\t<\/div>\n\t\t\t\t\t<\/div>\n\t\t<\/section>\n\t\t\t\t<section class=\"elementor-section elementor-top-section elementor-element elementor-element-9a67a22 elementor-section-boxed elementor-section-height-default elementor-section-height-default\" data-id=\"9a67a22\" data-element_type=\"section\" data-e-type=\"section\" data-settings=\"{&quot;background_background&quot;:&quot;classic&quot;}\">\n\t\t\t\t\t\t<div class=\"elementor-container elementor-column-gap-default\">\n\t\t\t\t\t<div class=\"elementor-column elementor-col-100 elementor-top-column elementor-element elementor-element-fef9cb5 animated-slow elementor-invisible\" data-id=\"fef9cb5\" data-element_type=\"column\" data-e-type=\"column\" data-settings=\"{&quot;animation&quot;:&quot;fadeInLeft&quot;}\">\n\t\t\t<div class=\"elementor-widget-wrap elementor-element-populated\">\n\t\t\t\t\t\t<div class=\"elementor-element elementor-element-2a5a38c elementor-widget elementor-widget-heading\" data-id=\"2a5a38c\" data-element_type=\"widget\" data-e-type=\"widget\" data-widget_type=\"heading.default\">\n\t\t\t\t<div class=\"elementor-widget-container\">\n\t\t\t\t\t<h3 class=\"elementor-heading-title elementor-size-default\">Consulting Schwerpunkte:<\/h3>\t\t\t\t<\/div>\n\t\t\t\t<\/div>\n\t\t\t\t<div class=\"elementor-element elementor-element-07ffcda elementor-widget elementor-widget-text-editor\" data-id=\"07ffcda\" data-element_type=\"widget\" data-e-type=\"widget\" data-widget_type=\"text-editor.default\">\n\t\t\t\t<div class=\"elementor-widget-container\">\n\t\t\t\t\t\t\t\t\t<p>Die Gr\u00fcndung eines Unternehmens ist ein aufregender Schritt in die Welt der unternehmerischen M\u00f6glichkeiten. Um sicherzustellen, dass dieser Weg erfolgreich beschritten wird, sind klare Planungen und strategische \u00dcberlegungen von entscheidender Bedeutung. Bei der Firmenneugr\u00fcndung stehen mehrere Schritte im Fokus, die den Grundstein f\u00fcr eine nachhaltige Entwicklung legen. Der erste Schritt auf diesem Weg beinhaltet die Erstellung von Business- oder Budgetplanungen. Dabei geht es nicht nur um die Finanzen, sondern auch um die klare Definition von Zielen, die den Rahmen f\u00fcr den unternehmerischen Erfolg setzen. Die Planung dient als Leitfaden und erm\u00f6glicht es, Ressourcen effizient zu nutzen und potenzielle Risiken zu minimieren.\u00a0<\/p><p>Ein weiterer essenzieller Aspekt ist der Aufbau eines funktionierenden Vertriebsnetzes. Eine durchdachte Vertriebsstrategie ist von grundlegender Bedeutung, um Produkte oder Dienstleistungen erfolgreich am Markt zu platzieren. Die Identifikation von Zielgruppen, die Auswahl geeigneter Vertriebskan\u00e4le und die Entwicklung eines effektiven Vertriebsplans sind entscheidende Schritte in diesem Prozess.<\/p><p>Um finanzielle Unterst\u00fctzung f\u00fcr innovative Projekte zu erhalten, kann die Beantragung von Forschungs- oder F\u00f6rderzusch\u00fcssen von enormer Bedeutung sein. Dies erfordert eine gr\u00fcndliche Recherche und sorgf\u00e4ltige Antragstellung, um die bestm\u00f6glichen Chancen auf F\u00f6rdermittel zu gew\u00e4hrleisten.<\/p><p>Die Einf\u00fchrung eines Qualit\u00e4tsmanagementsystems ist ein weiterer Schl\u00fcsselaspekt f\u00fcr den langfristigen Erfolg eines Unternehmens. Durch die Festlegung und \u00dcberwachung von Qualit\u00e4tsstandards wird nicht nur die Kundenzufriedenheit gesteigert, sondern auch die interne Effizienz verbessert.<\/p><p>In Anbetracht der steigenden Bedeutung von Umweltbewusstsein und Nachhaltigkeit ist die Einf\u00fchrung eines Umweltmanagementsystems ein Schritt in die richtige Richtung. Unternehmen, die \u00f6kologische Verantwortung \u00fcbernehmen, positionieren sich nicht nur ethisch, sondern k\u00f6nnen auch von F\u00f6rderprogrammen und einem wachsenden umweltbewussten Markt profitieren.<\/p><p>Das Zitat von Tony Robbins unterstreicht die Wichtigkeit klar definierter Ziele. Die Transformation von Unsichtbarem in Sichtbares erfordert nicht nur Vision, sondern auch einen strukturierten Ansatz, den wir als Ihr Partner gerne unterst\u00fctzen. Neben der Beratung bieten wir auch Schulungen, Moderationen und Projektworkshops an, um sicherzustellen, dass Ihre Unternehmensziele nicht nur gesetzt, sondern auch erreicht werden.<\/p><p>Wenn Sie Interesse an einem unverbindlichen Austausch haben oder mehr \u00fcber unser Unternehmen erfahren m\u00f6chten, stehen wir Ihnen gerne zur Verf\u00fcgung. Wir freuen uns darauf, gemeinsam mit Ihnen die Weichen f\u00fcr Ihren unternehmerischen Erfolg zu stellen.<\/p>\t\t\t\t\t\t\t\t<\/div>\n\t\t\t\t<\/div>\n\t\t\t\t\t<\/div>\n\t\t<\/div>\n\t\t\t\t\t<\/div>\n\t\t<\/section>\n\t\t\t\t<section class=\"elementor-section elementor-top-section elementor-element elementor-element-509393d elementor-section-boxed elementor-section-height-default elementor-section-height-default\" data-id=\"509393d\" data-element_type=\"section\" data-e-type=\"section\">\n\t\t\t\t\t\t<div class=\"elementor-container elementor-column-gap-default\">\n\t\t\t\t\t<div class=\"elementor-column elementor-col-100 elementor-top-column elementor-element elementor-element-9dcc442\" data-id=\"9dcc442\" data-element_type=\"column\" data-e-type=\"column\">\n\t\t\t<div class=\"elementor-widget-wrap\">\n\t\t\t\t\t\t\t<\/div>\n\t\t<\/div>\n\t\t\t\t\t<\/div>\n\t\t<\/section>\n\t\t\t\t<section class=\"elementor-section elementor-top-section elementor-element elementor-element-9281802 elementor-section-boxed elementor-section-height-default elementor-section-height-default\" data-id=\"9281802\" data-element_type=\"section\" data-e-type=\"section\">\n\t\t\t\t\t\t<div class=\"elementor-container elementor-column-gap-default\">\n\t\t\t\t\t<div class=\"elementor-column elementor-col-100 elementor-top-column elementor-element elementor-element-1f04e6d\" data-id=\"1f04e6d\" data-element_type=\"column\" data-e-type=\"column\">\n\t\t\t<div class=\"elementor-widget-wrap elementor-element-populated\">\n\t\t\t\t\t\t<div class=\"elementor-element elementor-element-f261eee elementor-widget elementor-widget-heading\" data-id=\"f261eee\" data-element_type=\"widget\" data-e-type=\"widget\" data-widget_type=\"heading.default\">\n\t\t\t\t<div class=\"elementor-widget-container\">\n\t\t\t\t\t<h2 class=\"elementor-heading-title elementor-size-default\">Sie m\u00f6chten mehr \u00fcber uns erfahren?<\/h2>\t\t\t\t<\/div>\n\t\t\t\t<\/div>\n\t\t\t\t<div class=\"elementor-element elementor-element-af4edf5 elementor-widget elementor-widget-text-editor\" data-id=\"af4edf5\" data-element_type=\"widget\" data-e-type=\"widget\" data-widget_type=\"text-editor.default\">\n\t\t\t\t<div class=\"elementor-widget-container\">\n\t\t\t\t\t\t\t\t\t<p><strong>Wir stehen Ihnen bei allen Fragen gern beratend zur Seite. Z\u00f6gern Sie nicht und sprechen uns einfach an.<\/strong><\/p>\t\t\t\t\t\t\t\t<\/div>\n\t\t\t\t<\/div>\n\t\t\t\t<div class=\"elementor-element elementor-element-00a2556 elementor-align-justify elementor-widget__width-initial elementor-widget elementor-widget-button\" data-id=\"00a2556\" data-element_type=\"widget\" data-e-type=\"widget\" data-widget_type=\"button.default\">\n\t\t\t\t<div class=\"elementor-widget-container\">\n\t\t\t\t\t\t\t\t\t<div class=\"elementor-button-wrapper\">\n\t\t\t\t\t<a class=\"elementor-button elementor-button-link elementor-size-sm\" href=\"https:\/\/scherer-soehne.com\/de\/kontakt\/\">\n\t\t\t\t\t\t<span class=\"elementor-button-content-wrapper\">\n\t\t\t\t\t\t\t\t\t<span class=\"elementor-button-text\">Klicken Sie hier<\/span>\n\t\t\t\t\t<\/span>\n\t\t\t\t\t<\/a>\n\t\t\t\t<\/div>\n\t\t\t\t\t\t\t\t<\/div>\n\t\t\t\t<\/div>\n\t\t\t\t\t<\/div>\n\t\t<\/div>\n\t\t\t\t\t<\/div>\n\t\t<\/section>\n\t\t\t\t<\/div>","protected":false},"excerpt":{"rendered":"<p>Consulting\/ Managementberatung Firmenneugr\u00fcndung Business- oder Budgetplanungen Forschung- oder F\u00f6rderzusch\u00fcsse Einf\u00fchrung eines Qualit\u00e4tsmanagements Vertribsnetz Umweltmanagement Consulting Schwerpunkte: Die Gr\u00fcndung eines Unternehmens ist ein aufregender Schritt in die Welt der unternehmerischen M\u00f6glichkeiten. Um sicherzustellen, dass dieser Weg erfolgreich beschritten wird, sind klare Planungen und strategische \u00dcberlegungen von entscheidender Bedeutung. Bei der Firmenneugr\u00fcndung stehen mehrere Schritte im Fokus, [&hellip;]<\/p>\n","protected":false},"author":1,"featured_media":0,"parent":0,"menu_order":0,"comment_status":"closed","ping_status":"closed","template":"elementor_header_footer","meta":{"site-sidebar-layout":"no-sidebar","site-content-layout":"page-builder","ast-site-content-layout":"full-width-container","site-content-style":"unboxed","site-sidebar-style":"unboxed","ast-global-header-display":"","ast-banner-title-visibility":"","ast-main-header-display":"","ast-hfb-above-header-display":"","ast-hfb-below-header-display":"","ast-hfb-mobile-header-display":"","site-post-title":"disabled","ast-breadcrumbs-content":"","ast-featured-img":"disabled","footer-sml-layout":"","ast-disable-related-posts":"","theme-transparent-header-meta":"","adv-header-id-meta":"","stick-header-meta":"","header-above-stick-meta":"","header-main-stick-meta":"","header-below-stick-meta":"","astra-migrate-meta-layouts":"set","ast-page-background-enabled":"default","ast-page-background-meta":{"desktop":{"background-color":"var(--ast-global-color-4)","background-image":"","background-repeat":"repeat","background-position":"center center","background-size":"auto","background-attachment":"scroll","background-type":"","background-media":"","overlay-type":"","overlay-color":"","overlay-opacity":"","overlay-gradient":""},"tablet":{"background-color":"","background-image":"","background-repeat":"repeat","background-position":"center center","background-size":"auto","background-attachment":"scroll","background-type":"","background-media":"","overlay-type":"","overlay-color":"","overlay-opacity":"","overlay-gradient":""},"mobile":{"background-color":"","background-image":"","background-repeat":"repeat","background-position":"center center","background-size":"auto","background-attachment":"scroll","background-type":"","background-media":"","overlay-type":"","overlay-color":"","overlay-opacity":"","overlay-gradient":""}},"ast-content-background-meta":{"desktop":{"background-color":"var(--ast-global-color-5)","background-image":"","background-repeat":"repeat","background-position":"center center","background-size":"auto","background-attachment":"scroll","background-type":"","background-media":"","overlay-type":"","overlay-color":"","overlay-opacity":"","overlay-gradient":""},"tablet":{"background-color":"var(--ast-global-color-5)","background-image":"","background-repeat":"repeat","background-position":"center center","background-size":"auto","background-attachment":"scroll","background-type":"","background-media":"","overlay-type":"","overlay-color":"","overlay-opacity":"","overlay-gradient":""},"mobile":{"background-color":"var(--ast-global-color-5)","background-image":"","background-repeat":"repeat","background-position":"center center","background-size":"auto","background-attachment":"scroll","background-type":"","background-media":"","overlay-type":"","overlay-color":"","overlay-opacity":"","overlay-gradient":""}},"footnotes":""},"class_list":["post-80","page","type-page","status-publish","hentry"],"_links":{"self":[{"href":"https:\/\/scherer-soehne.com\/de\/wp-json\/wp\/v2\/pages\/80","targetHints":{"allow":["GET"]}}],"collection":[{"href":"https:\/\/scherer-soehne.com\/de\/wp-json\/wp\/v2\/pages"}],"about":[{"href":"https:\/\/scherer-soehne.com\/de\/wp-json\/wp\/v2\/types\/page"}],"author":[{"embeddable":true,"href":"https:\/\/scherer-soehne.com\/de\/wp-json\/wp\/v2\/users\/1"}],"replies":[{"embeddable":true,"href":"https:\/\/scherer-soehne.com\/de\/wp-json\/wp\/v2\/comments?post=80"}],"version-history":[{"count":150,"href":"https:\/\/scherer-soehne.com\/de\/wp-json\/wp\/v2\/pages\/80\/revisions"}],"predecessor-version":[{"id":2007,"href":"https:\/\/scherer-soehne.com\/de\/wp-json\/wp\/v2\/pages\/80\/revisions\/2007"}],"wp:attachment":[{"href":"https:\/\/scherer-soehne.com\/de\/wp-json\/wp\/v2\/media?parent=80"}],"curies":[{"name":"wp","href":"https:\/\/api.w.org\/{rel}","templated":true}]}}