{"id":78,"date":"2023-07-11T14:34:16","date_gmt":"2023-07-11T14:34:16","guid":{"rendered":"https:\/\/scherer-soehne.com\/?page_id=78"},"modified":"2024-11-29T13:37:48","modified_gmt":"2024-11-29T13:37:48","slug":"industrie","status":"publish","type":"page","link":"https:\/\/scherer-soehne.com\/de\/industrie\/","title":{"rendered":"Industrie"},"content":{"rendered":"<div data-elementor-type=\"wp-page\" data-elementor-id=\"78\" class=\"elementor elementor-78\" data-elementor-post-type=\"page\">\n\t\t\t\t\t\t<section class=\"elementor-section elementor-top-section elementor-element elementor-element-a8d8540 elementor-section-height-min-height elementor-section-boxed elementor-section-height-default elementor-section-items-middle\" data-id=\"a8d8540\" data-element_type=\"section\" data-e-type=\"section\" data-settings=\"{&quot;background_background&quot;:&quot;classic&quot;}\">\n\t\t\t\t\t\t\t<div class=\"elementor-background-overlay\"><\/div>\n\t\t\t\t\t\t\t<div class=\"elementor-container elementor-column-gap-default\">\n\t\t\t\t\t<div class=\"elementor-column elementor-col-100 elementor-top-column elementor-element elementor-element-e92bca2\" data-id=\"e92bca2\" data-element_type=\"column\" data-e-type=\"column\">\n\t\t\t<div class=\"elementor-widget-wrap elementor-element-populated\">\n\t\t\t\t\t\t<div class=\"elementor-element elementor-element-5992903 animated-fast elementor-invisible elementor-widget elementor-widget-heading\" data-id=\"5992903\" data-element_type=\"widget\" data-e-type=\"widget\" data-settings=\"{&quot;_animation&quot;:&quot;fadeIn&quot;}\" data-widget_type=\"heading.default\">\n\t\t\t\t<div class=\"elementor-widget-container\">\n\t\t\t\t\t<h1 class=\"elementor-heading-title elementor-size-default\">Industrie<\/h1>\t\t\t\t<\/div>\n\t\t\t\t<\/div>\n\t\t\t\t\t<\/div>\n\t\t<\/div>\n\t\t\t\t\t<\/div>\n\t\t<\/section>\n\t\t\t\t<section class=\"elementor-section elementor-top-section elementor-element elementor-element-465c982 elementor-section-height-min-height elementor-section-boxed elementor-section-height-default elementor-section-items-middle\" data-id=\"465c982\" data-element_type=\"section\" data-e-type=\"section\" data-settings=\"{&quot;background_background&quot;:&quot;classic&quot;}\">\n\t\t\t\t\t\t\t<div class=\"elementor-background-overlay\"><\/div>\n\t\t\t\t\t\t\t<div class=\"elementor-container elementor-column-gap-default\">\n\t\t\t\t\t<div class=\"elementor-column elementor-col-100 elementor-top-column elementor-element elementor-element-dc23b5f\" data-id=\"dc23b5f\" data-element_type=\"column\" data-e-type=\"column\">\n\t\t\t<div class=\"elementor-widget-wrap elementor-element-populated\">\n\t\t\t\t\t\t<div class=\"elementor-element elementor-element-a59702c elementor-widget elementor-widget-html\" data-id=\"a59702c\" data-element_type=\"widget\" data-e-type=\"widget\" data-widget_type=\"html.default\">\n\t\t\t\t<div class=\"elementor-widget-container\">\n\t\t\t\t\t<style>\n.smoke .elementor-widget-container span{\n    cursor: default;\n    position: relative;\n    display: inline-block;\n}\n.smoke .elementor-widget-container span.active{\n    animation: smoke 1s linear;\n}\n@keyframes smoke{\n    50%{\n        opacity: 1;\n    }\n    100%{\n        opacity: 0;\n        filter: blur(20px);\n        transform: translateX(300px) translateY(-300px) rotate(360deg) scale(4);\n    }\n}\n.smoke .elementor-widget-container span.back{\n    opacity: 0;\n    filter: blur(20px);\n    animation: back 1s linear 0.5s;\n}\n@keyframes back{\n    100%{\n        opacity: 1;\n        filter: blur(0);\n    }\n}\n<\/style>\n<script src=\"https:\/\/code.jquery.com\/jquery-3.6.0.min.js\"><\/script>\n<script>\n(function($){\n$(document).ready(function(){\n\t    \nvar heading = $('.smoke .elementor-widget-container').children()\nheading.each(function(){\n    $(this).html($(this).text().replace(\/\\S\/g, '<span>$&<\/span>'))  \n})\nvar headingLetter = heading.find('span')\nheadingLetter.on('mouseover', function(){\n    $(this).removeClass('back').addClass('active')\n})\nheadingLetter.on('animationend webkitAnimationEnd oAnimationEnd MSAnimationEnd', function(e){\n    if ( $(e.target).hasClass('active')  ){\n        $(this).removeClass('active').addClass('back')\n    }else{\n        $(this).removeClass('back')\n    }\n})\n\t\t\n})\n}(jQuery))\n<\/script>\t\t\t\t<\/div>\n\t\t\t\t<\/div>\n\t\t\t\t<div class=\"elementor-element elementor-element-4da897e animated-fast smoke elementor-invisible elementor-widget elementor-widget-heading\" data-id=\"4da897e\" data-element_type=\"widget\" data-e-type=\"widget\" data-settings=\"{&quot;_animation&quot;:&quot;fadeIn&quot;}\" data-widget_type=\"heading.default\">\n\t\t\t\t<div class=\"elementor-widget-container\">\n\t\t\t\t\t<h3 class=\"elementor-heading-title elementor-size-default\">SCHERER Group Industries seit 2014<\/h3>\t\t\t\t<\/div>\n\t\t\t\t<\/div>\n\t\t\t\t\t<\/div>\n\t\t<\/div>\n\t\t\t\t\t<\/div>\n\t\t<\/section>\n\t\t\t\t<section class=\"elementor-section elementor-top-section elementor-element elementor-element-1eb8bdb elementor-reverse-mobile elementor-section-boxed elementor-section-height-default elementor-section-height-default\" data-id=\"1eb8bdb\" data-element_type=\"section\" data-e-type=\"section\" data-settings=\"{&quot;background_background&quot;:&quot;classic&quot;}\">\n\t\t\t\t\t\t<div class=\"elementor-container elementor-column-gap-default\">\n\t\t\t\t\t<div class=\"elementor-column elementor-col-50 elementor-top-column elementor-element elementor-element-f9bcb56 animated-slow elementor-invisible\" data-id=\"f9bcb56\" data-element_type=\"column\" data-e-type=\"column\" data-settings=\"{&quot;animation&quot;:&quot;fadeInLeft&quot;}\">\n\t\t\t<div class=\"elementor-widget-wrap elementor-element-populated\">\n\t\t\t\t\t\t<div class=\"elementor-element elementor-element-efaa229 elementor-widget elementor-widget-heading\" data-id=\"efaa229\" data-element_type=\"widget\" data-e-type=\"widget\" data-widget_type=\"heading.default\">\n\t\t\t\t<div class=\"elementor-widget-container\">\n\t\t\t\t\t<h3 class=\"elementor-heading-title elementor-size-default\">Bergbauindustrie<\/h3>\t\t\t\t<\/div>\n\t\t\t\t<\/div>\n\t\t\t\t<div class=\"elementor-element elementor-element-2dee7b3 elementor-widget elementor-widget-text-editor\" data-id=\"2dee7b3\" data-element_type=\"widget\" data-e-type=\"widget\" data-widget_type=\"text-editor.default\">\n\t\t\t\t<div class=\"elementor-widget-container\">\n\t\t\t\t\t\t\t\t\t<p>Die Unternehmerfamilie SCHERER engagiert sich seit Jahren in der Bergbauindustrie und hat sich dabei auf internationale Projekte spezialisiert. In L\u00e4ndern wie Kanada und mehreren Regionen Afrikas unterst\u00fctzt sie gezielt die Erschlie\u00dfung und nachhaltige Nutzung von Rohstoffvorkommen. Durch den Einsatz moderner Technologien und verantwortungsvoller Abbaumethoden werden sowohl \u00f6kologische als auch wirtschaftliche Ziele verfolgt. Gleichzeitig legt SCHERER Group gro\u00dfen Wert auf die Zusammenarbeit mit lokalen Partnern, um die regionale Entwicklung zu f\u00f6rdern und stabile Wertsch\u00f6pfungsketten zu schaffen.<\/p><p>Dar\u00fcber hinaus investiert die Familie in die Weiterverarbeitung von Rohstoffen, um einen h\u00f6heren Mehrwert vor Ort zu schaffen und die Abh\u00e4ngigkeit von globalen M\u00e4rkten zu reduzieren. Bildungs- und Schulungsprogramme f\u00fcr lokale Arbeitskr\u00e4fte geh\u00f6ren ebenfalls zu den zentralen Initiativen, um die Nachhaltigkeit der Projekte langfristig zu sichern. Besondere Aufmerksamkeit gilt auch der Renaturierung von Abbaugebieten, um die Auswirkungen auf die Umwelt zu minimieren. Mit einem klaren Bekenntnis zu ethischen Standards und sozialer Verantwortung setzt SCHERER ein starkes Zeichen f\u00fcr zukunftsf\u00e4higen Bergbau.<\/p><p>\u00a0<\/p>\t\t\t\t\t\t\t\t<\/div>\n\t\t\t\t<\/div>\n\t\t\t\t\t<\/div>\n\t\t<\/div>\n\t\t\t\t<div class=\"elementor-column elementor-col-50 elementor-top-column elementor-element elementor-element-4fefe81\" data-id=\"4fefe81\" data-element_type=\"column\" data-e-type=\"column\">\n\t\t\t<div class=\"elementor-widget-wrap elementor-element-populated\">\n\t\t\t\t\t\t<div class=\"elementor-element elementor-element-01d6eea elementor-widget__width-initial elementor-widget elementor-widget-image\" data-id=\"01d6eea\" data-element_type=\"widget\" data-e-type=\"widget\" data-widget_type=\"image.default\">\n\t\t\t\t<div class=\"elementor-widget-container\">\n\t\t\t\t\t\t\t\t\t\t\t\t\t\t\t<img fetchpriority=\"high\" decoding=\"async\" width=\"1472\" height=\"832\" src=\"https:\/\/scherer-soehne.com\/wp-content\/uploads\/2024\/11\/Leonardo_Phoenix_industrielle_mine_wo_Mineralien_gefrdert_werd_0.jpg\" class=\"attachment-full size-full wp-image-1568\" alt=\"\" srcset=\"https:\/\/scherer-soehne.com\/wp-content\/uploads\/2024\/11\/Leonardo_Phoenix_industrielle_mine_wo_Mineralien_gefrdert_werd_0.jpg 1472w, https:\/\/scherer-soehne.com\/wp-content\/uploads\/2024\/11\/Leonardo_Phoenix_industrielle_mine_wo_Mineralien_gefrdert_werd_0-300x170.jpg 300w, https:\/\/scherer-soehne.com\/wp-content\/uploads\/2024\/11\/Leonardo_Phoenix_industrielle_mine_wo_Mineralien_gefrdert_werd_0-1024x579.jpg 1024w, https:\/\/scherer-soehne.com\/wp-content\/uploads\/2024\/11\/Leonardo_Phoenix_industrielle_mine_wo_Mineralien_gefrdert_werd_0-768x434.jpg 768w, https:\/\/scherer-soehne.com\/wp-content\/uploads\/2024\/11\/Leonardo_Phoenix_industrielle_mine_wo_Mineralien_gefrdert_werd_0-18x10.jpg 18w, https:\/\/scherer-soehne.com\/wp-content\/uploads\/2024\/11\/Leonardo_Phoenix_industrielle_mine_wo_Mineralien_gefrdert_werd_0-600x339.jpg 600w\" sizes=\"(max-width: 1472px) 100vw, 1472px\" \/>\t\t\t\t\t\t\t\t\t\t\t\t\t\t\t<\/div>\n\t\t\t\t<\/div>\n\t\t\t\t\t<\/div>\n\t\t<\/div>\n\t\t\t\t\t<\/div>\n\t\t<\/section>\n\t\t\t\t<section class=\"elementor-section elementor-top-section elementor-element elementor-element-53ab19d elementor-section-boxed elementor-section-height-default elementor-section-height-default\" data-id=\"53ab19d\" data-element_type=\"section\" data-e-type=\"section\" data-settings=\"{&quot;background_background&quot;:&quot;classic&quot;}\">\n\t\t\t\t\t\t<div class=\"elementor-container elementor-column-gap-default\">\n\t\t\t\t\t<div class=\"elementor-column elementor-col-50 elementor-top-column elementor-element elementor-element-3c9f95e\" data-id=\"3c9f95e\" data-element_type=\"column\" data-e-type=\"column\">\n\t\t\t<div class=\"elementor-widget-wrap elementor-element-populated\">\n\t\t\t\t\t\t<div class=\"elementor-element elementor-element-5be2626 elementor-widget__width-initial elementor-widget elementor-widget-image\" data-id=\"5be2626\" data-element_type=\"widget\" data-e-type=\"widget\" data-widget_type=\"image.default\">\n\t\t\t\t<div class=\"elementor-widget-container\">\n\t\t\t\t\t\t\t\t\t\t\t\t\t\t\t<img decoding=\"async\" width=\"1472\" height=\"832\" src=\"https:\/\/scherer-soehne.com\/wp-content\/uploads\/2024\/11\/Leonardo_Phoenix_l_Industrie_eine_riesige_Raffinerie_Diese_geh_2.jpg\" class=\"attachment-full size-full wp-image-1573\" alt=\"\" srcset=\"https:\/\/scherer-soehne.com\/wp-content\/uploads\/2024\/11\/Leonardo_Phoenix_l_Industrie_eine_riesige_Raffinerie_Diese_geh_2.jpg 1472w, https:\/\/scherer-soehne.com\/wp-content\/uploads\/2024\/11\/Leonardo_Phoenix_l_Industrie_eine_riesige_Raffinerie_Diese_geh_2-300x170.jpg 300w, https:\/\/scherer-soehne.com\/wp-content\/uploads\/2024\/11\/Leonardo_Phoenix_l_Industrie_eine_riesige_Raffinerie_Diese_geh_2-1024x579.jpg 1024w, https:\/\/scherer-soehne.com\/wp-content\/uploads\/2024\/11\/Leonardo_Phoenix_l_Industrie_eine_riesige_Raffinerie_Diese_geh_2-768x434.jpg 768w, https:\/\/scherer-soehne.com\/wp-content\/uploads\/2024\/11\/Leonardo_Phoenix_l_Industrie_eine_riesige_Raffinerie_Diese_geh_2-18x10.jpg 18w, https:\/\/scherer-soehne.com\/wp-content\/uploads\/2024\/11\/Leonardo_Phoenix_l_Industrie_eine_riesige_Raffinerie_Diese_geh_2-600x339.jpg 600w\" sizes=\"(max-width: 1472px) 100vw, 1472px\" \/>\t\t\t\t\t\t\t\t\t\t\t\t\t\t\t<\/div>\n\t\t\t\t<\/div>\n\t\t\t\t\t<\/div>\n\t\t<\/div>\n\t\t\t\t<div class=\"elementor-column elementor-col-50 elementor-top-column elementor-element elementor-element-36b31ea animated-slow elementor-invisible\" data-id=\"36b31ea\" data-element_type=\"column\" data-e-type=\"column\" data-settings=\"{&quot;animation&quot;:&quot;fadeInLeft&quot;}\">\n\t\t\t<div class=\"elementor-widget-wrap elementor-element-populated\">\n\t\t\t\t\t\t<div class=\"elementor-element elementor-element-98a9a97 elementor-widget elementor-widget-heading\" data-id=\"98a9a97\" data-element_type=\"widget\" data-e-type=\"widget\" data-widget_type=\"heading.default\">\n\t\t\t\t<div class=\"elementor-widget-container\">\n\t\t\t\t\t<h2 class=\"elementor-heading-title elementor-size-default\">Mineral\u00f6lindustrie<\/h2>\t\t\t\t<\/div>\n\t\t\t\t<\/div>\n\t\t\t\t<div class=\"elementor-element elementor-element-4a3a086 elementor-widget elementor-widget-text-editor\" data-id=\"4a3a086\" data-element_type=\"widget\" data-e-type=\"widget\" data-widget_type=\"text-editor.default\">\n\t\t\t\t<div class=\"elementor-widget-container\">\n\t\t\t\t\t\t\t\t\t<p>Seit gut 20 Jahren ist die Unternehmerfamilie SCHERER direkt, wie auch indirekt, an Unternehmungen beteiligt. Einen Schwerpunkt bildet dabei die Industrie.<\/p><p>Besonders in der Mineral\u00f6lindustrie, einem essenziellen Wirtschaftszweig, wurden ma\u00dfgebliche Beteiligungen aufgebaut. Dieser Bereich umfasst unter anderem die F\u00f6rderung, Verarbeitung und den Handel von Mineral\u00f6lprodukten, die in zahlreichen Industrien und im t\u00e4glichen Leben unverzichtbar sind.<\/p><p>SCHERER setzt auf zukunftsweisende Technologien sowie effiziente Prozesse und f\u00f6rdert gezielt Innovationen, um den wachsenden Anforderungen an Nachhaltigkeit und Umweltschutz gerecht zu werden. Gleichzeitig wird besonderer Wert auf stabile Gesch\u00e4ftsbeziehungen und die Anpassung an globale Marktver\u00e4nderungen gelegt.<\/p>\t\t\t\t\t\t\t\t<\/div>\n\t\t\t\t<\/div>\n\t\t\t\t\t<\/div>\n\t\t<\/div>\n\t\t\t\t\t<\/div>\n\t\t<\/section>\n\t\t\t\t<section class=\"elementor-section elementor-top-section elementor-element elementor-element-88124c7 elementor-reverse-mobile elementor-section-boxed elementor-section-height-default elementor-section-height-default\" data-id=\"88124c7\" data-element_type=\"section\" data-e-type=\"section\" data-settings=\"{&quot;background_background&quot;:&quot;classic&quot;}\">\n\t\t\t\t\t\t<div class=\"elementor-container elementor-column-gap-default\">\n\t\t\t\t\t<div class=\"elementor-column elementor-col-50 elementor-top-column elementor-element elementor-element-685bc8f animated-slow elementor-invisible\" data-id=\"685bc8f\" data-element_type=\"column\" data-e-type=\"column\" data-settings=\"{&quot;animation&quot;:&quot;fadeInLeft&quot;}\">\n\t\t\t<div class=\"elementor-widget-wrap elementor-element-populated\">\n\t\t\t\t\t\t<div class=\"elementor-element elementor-element-7f3bc6f elementor-widget elementor-widget-heading\" data-id=\"7f3bc6f\" data-element_type=\"widget\" data-e-type=\"widget\" data-widget_type=\"heading.default\">\n\t\t\t\t<div class=\"elementor-widget-container\">\n\t\t\t\t\t<h2 class=\"elementor-heading-title elementor-size-default\">Textilindustrie<\/h2>\t\t\t\t<\/div>\n\t\t\t\t<\/div>\n\t\t\t\t<div class=\"elementor-element elementor-element-062c7d3 elementor-widget elementor-widget-text-editor\" data-id=\"062c7d3\" data-element_type=\"widget\" data-e-type=\"widget\" data-widget_type=\"text-editor.default\">\n\t\t\t\t<div class=\"elementor-widget-container\">\n\t\t\t\t\t\t\t\t\t<p>SCHERER &amp; S\u00d6HNE GmbH begann ihre Reise in der Textilbranche, indem sie fr\u00fchzeitig in Fabriken und Stoffhersteller investierte. Durch strategische Beteiligungen an renommierten Herstellern in der T\u00fcrkei, Portugal und Vietnam, \u00a0konnte SCHERER ihre Position in der Branche kontinuierlich ausbauen. Diese Partnerschaften erm\u00f6glichten nicht nur den Zugang zu hochqualitativen Textilien, sondern auch die F\u00f6rderung innovativer Produktionsmethoden und die Sicherstellung h\u00f6chster Standards in der Stoffherstellung.<\/p><p>Im Laufe der Jahre hat die Familie ihre Expertise im Bereich Textilproduktion weiter vertieft und sich auf die langfristige Zusammenarbeit mit f\u00fchrenden Produzenten konzentriert, um die Anforderungen des Marktes und der anspruchsvollen Kunden zu erf\u00fcllen. Mit einem klaren Fokus auf Nachhaltigkeit und Qualit\u00e4t tr\u00e4gt SCHERER aktiv zur Weiterentwicklung der Textilindustrie bei. Durch die Beteiligungen an diesen Herstellern bleibt die Familie ein treibender Faktor in der Branche und sichert sich zugleich einen entscheidenden Einfluss auf den gesamten Produktionsprozess.<\/p>\t\t\t\t\t\t\t\t<\/div>\n\t\t\t\t<\/div>\n\t\t\t\t<div class=\"elementor-element elementor-element-d3b0022 elementor-widget__width-inherit animated-fast elementor-widget-mobile__width-inherit elementor-align-left elementor-invisible elementor-widget elementor-widget-button\" data-id=\"d3b0022\" data-element_type=\"widget\" data-e-type=\"widget\" data-settings=\"{&quot;_animation&quot;:&quot;fadeIn&quot;,&quot;_animation_delay&quot;:500}\" data-widget_type=\"button.default\">\n\t\t\t\t<div class=\"elementor-widget-container\">\n\t\t\t\t\t\t\t\t\t<div class=\"elementor-button-wrapper\">\n\t\t\t\t\t<a class=\"elementor-button elementor-button-link elementor-size-sm\" href=\"https:\/\/scherer-soehne.com\/de\/kontakt\/\">\n\t\t\t\t\t\t<span class=\"elementor-button-content-wrapper\">\n\t\t\t\t\t\t\t\t\t<span class=\"elementor-button-text\">anfrage Starten<\/span>\n\t\t\t\t\t<\/span>\n\t\t\t\t\t<\/a>\n\t\t\t\t<\/div>\n\t\t\t\t\t\t\t\t<\/div>\n\t\t\t\t<\/div>\n\t\t\t\t\t<\/div>\n\t\t<\/div>\n\t\t\t\t<div class=\"elementor-column elementor-col-50 elementor-top-column elementor-element elementor-element-77f5270\" data-id=\"77f5270\" data-element_type=\"column\" data-e-type=\"column\">\n\t\t\t<div class=\"elementor-widget-wrap elementor-element-populated\">\n\t\t\t\t\t\t<div class=\"elementor-element elementor-element-dd7dad5 elementor-widget elementor-widget-image\" data-id=\"dd7dad5\" data-element_type=\"widget\" data-e-type=\"widget\" data-widget_type=\"image.default\">\n\t\t\t\t<div class=\"elementor-widget-container\">\n\t\t\t\t\t\t\t\t\t\t\t\t\t\t\t<img decoding=\"async\" width=\"900\" height=\"600\" src=\"https:\/\/scherer-soehne.com\/wp-content\/uploads\/2023\/07\/724102540844.jpg\" class=\"attachment-full size-full wp-image-1348\" alt=\"\" srcset=\"https:\/\/scherer-soehne.com\/wp-content\/uploads\/2023\/07\/724102540844.jpg 900w, https:\/\/scherer-soehne.com\/wp-content\/uploads\/2023\/07\/724102540844-300x200.jpg 300w, https:\/\/scherer-soehne.com\/wp-content\/uploads\/2023\/07\/724102540844-768x512.jpg 768w, https:\/\/scherer-soehne.com\/wp-content\/uploads\/2023\/07\/724102540844-18x12.jpg 18w, https:\/\/scherer-soehne.com\/wp-content\/uploads\/2023\/07\/724102540844-600x400.jpg 600w\" sizes=\"(max-width: 900px) 100vw, 900px\" \/>\t\t\t\t\t\t\t\t\t\t\t\t\t\t\t<\/div>\n\t\t\t\t<\/div>\n\t\t\t\t\t<\/div>\n\t\t<\/div>\n\t\t\t\t\t<\/div>\n\t\t<\/section>\n\t\t\t\t<\/div>","protected":false},"excerpt":{"rendered":"<p>Industrie SCHERER Group Industries seit 2014 Bergbauindustrie Die Unternehmerfamilie SCHERER engagiert sich seit Jahren in der Bergbauindustrie und hat sich dabei auf internationale Projekte spezialisiert. In L\u00e4ndern wie Kanada und mehreren Regionen Afrikas unterst\u00fctzt sie gezielt die Erschlie\u00dfung und nachhaltige Nutzung von Rohstoffvorkommen. Durch den Einsatz moderner Technologien und verantwortungsvoller Abbaumethoden werden sowohl \u00f6kologische als [&hellip;]<\/p>\n","protected":false},"author":1,"featured_media":0,"parent":0,"menu_order":0,"comment_status":"closed","ping_status":"closed","template":"elementor_header_footer","meta":{"site-sidebar-layout":"no-sidebar","site-content-layout":"page-builder","ast-site-content-layout":"full-width-container","site-content-style":"unboxed","site-sidebar-style":"unboxed","ast-global-header-display":"","ast-banner-title-visibility":"","ast-main-header-display":"","ast-hfb-above-header-display":"","ast-hfb-below-header-display":"","ast-hfb-mobile-header-display":"","site-post-title":"disabled","ast-breadcrumbs-content":"","ast-featured-img":"disabled","footer-sml-layout":"","ast-disable-related-posts":"","theme-transparent-header-meta":"","adv-header-id-meta":"","stick-header-meta":"","header-above-stick-meta":"","header-main-stick-meta":"","header-below-stick-meta":"","astra-migrate-meta-layouts":"set","ast-page-background-enabled":"default","ast-page-background-meta":{"desktop":{"background-color":"var(--ast-global-color-4)","background-image":"","background-repeat":"repeat","background-position":"center center","background-size":"auto","background-attachment":"scroll","background-type":"","background-media":"","overlay-type":"","overlay-color":"","overlay-opacity":"","overlay-gradient":""},"tablet":{"background-color":"","background-image":"","background-repeat":"repeat","background-position":"center center","background-size":"auto","background-attachment":"scroll","background-type":"","background-media":"","overlay-type":"","overlay-color":"","overlay-opacity":"","overlay-gradient":""},"mobile":{"background-color":"","background-image":"","background-repeat":"repeat","background-position":"center center","background-size":"auto","background-attachment":"scroll","background-type":"","background-media":"","overlay-type":"","overlay-color":"","overlay-opacity":"","overlay-gradient":""}},"ast-content-background-meta":{"desktop":{"background-color":"var(--ast-global-color-5)","background-image":"","background-repeat":"repeat","background-position":"center center","background-size":"auto","background-attachment":"scroll","background-type":"","background-media":"","overlay-type":"","overlay-color":"","overlay-opacity":"","overlay-gradient":""},"tablet":{"background-color":"var(--ast-global-color-5)","background-image":"","background-repeat":"repeat","background-position":"center center","background-size":"auto","background-attachment":"scroll","background-type":"","background-media":"","overlay-type":"","overlay-color":"","overlay-opacity":"","overlay-gradient":""},"mobile":{"background-color":"var(--ast-global-color-5)","background-image":"","background-repeat":"repeat","background-position":"center center","background-size":"auto","background-attachment":"scroll","background-type":"","background-media":"","overlay-type":"","overlay-color":"","overlay-opacity":"","overlay-gradient":""}},"footnotes":""},"class_list":["post-78","page","type-page","status-publish","hentry"],"_links":{"self":[{"href":"https:\/\/scherer-soehne.com\/de\/wp-json\/wp\/v2\/pages\/78","targetHints":{"allow":["GET"]}}],"collection":[{"href":"https:\/\/scherer-soehne.com\/de\/wp-json\/wp\/v2\/pages"}],"about":[{"href":"https:\/\/scherer-soehne.com\/de\/wp-json\/wp\/v2\/types\/page"}],"author":[{"embeddable":true,"href":"https:\/\/scherer-soehne.com\/de\/wp-json\/wp\/v2\/users\/1"}],"replies":[{"embeddable":true,"href":"https:\/\/scherer-soehne.com\/de\/wp-json\/wp\/v2\/comments?post=78"}],"version-history":[{"count":78,"href":"https:\/\/scherer-soehne.com\/de\/wp-json\/wp\/v2\/pages\/78\/revisions"}],"predecessor-version":[{"id":1878,"href":"https:\/\/scherer-soehne.com\/de\/wp-json\/wp\/v2\/pages\/78\/revisions\/1878"}],"wp:attachment":[{"href":"https:\/\/scherer-soehne.com\/de\/wp-json\/wp\/v2\/media?parent=78"}],"curies":[{"name":"wp","href":"https:\/\/api.w.org\/{rel}","templated":true}]}}