{"id":72,"date":"2023-07-11T14:33:06","date_gmt":"2023-07-11T14:33:06","guid":{"rendered":"https:\/\/scherer-soehne.com\/?page_id=72"},"modified":"2024-11-29T19:12:50","modified_gmt":"2024-11-29T19:12:50","slug":"soziale-verantwortung","status":"publish","type":"page","link":"https:\/\/scherer-soehne.com\/de\/soziale-verantwortung\/","title":{"rendered":"Soziale Verantwortung"},"content":{"rendered":"<div data-elementor-type=\"wp-page\" data-elementor-id=\"72\" class=\"elementor elementor-72\" data-elementor-post-type=\"page\">\n\t\t\t\t\t\t<section class=\"elementor-section elementor-top-section elementor-element elementor-element-eb480c8 elementor-section-height-min-height elementor-section-boxed elementor-section-height-default elementor-section-items-middle\" data-id=\"eb480c8\" data-element_type=\"section\" data-e-type=\"section\" data-settings=\"{&quot;background_background&quot;:&quot;classic&quot;}\">\n\t\t\t\t\t\t\t<div class=\"elementor-background-overlay\"><\/div>\n\t\t\t\t\t\t\t<div class=\"elementor-container elementor-column-gap-default\">\n\t\t\t\t\t<div class=\"elementor-column elementor-col-100 elementor-top-column elementor-element elementor-element-059a521\" data-id=\"059a521\" data-element_type=\"column\" data-e-type=\"column\">\n\t\t\t<div class=\"elementor-widget-wrap elementor-element-populated\">\n\t\t\t\t\t\t<div class=\"elementor-element elementor-element-a915a08 animated-fast elementor-invisible elementor-widget elementor-widget-heading\" data-id=\"a915a08\" data-element_type=\"widget\" data-e-type=\"widget\" data-settings=\"{&quot;_animation&quot;:&quot;fadeIn&quot;}\" data-widget_type=\"heading.default\">\n\t\t\t\t<div class=\"elementor-widget-container\">\n\t\t\t\t\t<h1 class=\"elementor-heading-title elementor-size-default\">Soziale Verantwortung<\/h1>\t\t\t\t<\/div>\n\t\t\t\t<\/div>\n\t\t\t\t\t<\/div>\n\t\t<\/div>\n\t\t\t\t\t<\/div>\n\t\t<\/section>\n\t\t\t\t<section class=\"elementor-section elementor-top-section elementor-element elementor-element-b8b97de elementor-section-height-min-height elementor-section-boxed elementor-section-height-default elementor-section-items-middle\" data-id=\"b8b97de\" data-element_type=\"section\" data-e-type=\"section\" data-settings=\"{&quot;background_background&quot;:&quot;classic&quot;}\">\n\t\t\t\t\t\t\t<div class=\"elementor-background-overlay\"><\/div>\n\t\t\t\t\t\t\t<div class=\"elementor-container elementor-column-gap-default\">\n\t\t\t\t\t<div class=\"elementor-column elementor-col-100 elementor-top-column elementor-element elementor-element-74c5d1d\" data-id=\"74c5d1d\" data-element_type=\"column\" data-e-type=\"column\">\n\t\t\t<div class=\"elementor-widget-wrap\">\n\t\t\t\t\t\t\t<\/div>\n\t\t<\/div>\n\t\t\t\t\t<\/div>\n\t\t<\/section>\n\t\t\t\t<section class=\"elementor-section elementor-top-section elementor-element elementor-element-14d293d elementor-section-boxed elementor-section-height-default elementor-section-height-default\" data-id=\"14d293d\" data-element_type=\"section\" data-e-type=\"section\" data-settings=\"{&quot;background_background&quot;:&quot;classic&quot;}\">\n\t\t\t\t\t\t<div class=\"elementor-container elementor-column-gap-default\">\n\t\t\t\t\t<div class=\"elementor-column elementor-col-100 elementor-top-column elementor-element elementor-element-1b30bf1\" data-id=\"1b30bf1\" data-element_type=\"column\" data-e-type=\"column\">\n\t\t\t<div class=\"elementor-widget-wrap elementor-element-populated\">\n\t\t\t\t\t\t<section class=\"elementor-section elementor-inner-section elementor-element elementor-element-f49a2bf elementor-reverse-mobile elementor-section-full_width elementor-section-height-default elementor-section-height-default\" data-id=\"f49a2bf\" data-element_type=\"section\" data-e-type=\"section\">\n\t\t\t\t\t\t<div class=\"elementor-container elementor-column-gap-default\">\n\t\t\t\t\t<div class=\"elementor-column elementor-col-100 elementor-inner-column elementor-element elementor-element-3de143a animated-slow elementor-invisible\" data-id=\"3de143a\" data-element_type=\"column\" data-e-type=\"column\" data-settings=\"{&quot;animation&quot;:&quot;fadeInLeft&quot;}\">\n\t\t\t<div class=\"elementor-widget-wrap elementor-element-populated\">\n\t\t\t\t\t\t<div class=\"elementor-element elementor-element-a25d3cd elementor-widget elementor-widget-menu-anchor\" data-id=\"a25d3cd\" data-element_type=\"widget\" data-e-type=\"widget\" data-widget_type=\"menu-anchor.default\">\n\t\t\t\t<div class=\"elementor-widget-container\">\n\t\t\t\t\t\t\t<div class=\"elementor-menu-anchor\" id=\"auftrag\"><\/div>\n\t\t\t\t\t\t<\/div>\n\t\t\t\t<\/div>\n\t\t\t\t<div class=\"elementor-element elementor-element-d626a69 elementor-widget elementor-widget-heading\" data-id=\"d626a69\" data-element_type=\"widget\" data-e-type=\"widget\" data-widget_type=\"heading.default\">\n\t\t\t\t<div class=\"elementor-widget-container\">\n\t\t\t\t\t<h3 class=\"elementor-heading-title elementor-size-default\">Verantwortungsvoll Handeln mit Blick auf die Zukunft<\/h3>\t\t\t\t<\/div>\n\t\t\t\t<\/div>\n\t\t\t\t<div class=\"elementor-element elementor-element-8f1ac1f elementor-widget elementor-widget-text-editor\" data-id=\"8f1ac1f\" data-element_type=\"widget\" data-e-type=\"widget\" data-widget_type=\"text-editor.default\">\n\t\t\t\t<div class=\"elementor-widget-container\">\n\t\t\t\t\t\t\t\t\t<p>Die SCHERER Group ist sich ihrer Verantwortung bewusst, die mit jeder Investition und unternehmerischen Entscheidung einhergeht. Unser Handeln ist darauf ausgerichtet, wirtschaftlichen Erfolg mit nachhaltigen und sozialvertr\u00e4glichen Prinzipien zu verbinden. Dabei liegt der Fokus darauf, positive Ver\u00e4nderungen anzusto\u00dfen und in allen Bereichen langfristige Werte zu schaffen.<\/p><p>In den Regionen, in denen wir t\u00e4tig sind, setzen wir uns f\u00fcr eine verantwortungsvolle Entwicklung ein. Unsere Arbeit reicht von der Unterst\u00fctzung lokaler Wirtschaftskreisl\u00e4ufe \u00fcber die F\u00f6rderung von Bildungs- und Infrastrukturprojekten bis hin zur Schaffung von Arbeitspl\u00e4tzen, die Perspektiven bieten. Ob in der Industrie, im Handel oder im Immobiliensektor \u2013 unser Ziel ist es, nachhaltige Strategien umzusetzen, die sowohl den Menschen vor Ort als auch unseren Partnern zugutekommen.<\/p><p>Wir investieren in Projekte, die nicht nur wirtschaftlich sinnvoll, sondern auch gesellschaftlich relevant sind. Dabei nehmen wir R\u00fccksicht auf kulturelle und regionale Besonderheiten, agieren vorausschauend und treffen Entscheidungen, die Mensch und Umwelt gleicherma\u00dfen ber\u00fccksichtigen.<\/p><p>Verantwortungsvolles Handeln bedeutet f\u00fcr uns, die Balance zwischen wirtschaftlichem Wachstum und gesellschaftlichem Mehrwert zu finden. Dies erfordert st\u00e4ndige Anpassungsf\u00e4higkeit, Weitsicht und die Bereitschaft, auch neue Wege zu gehen. Als Unternehmen verstehen wir uns als Teil eines gr\u00f6\u00dferen Ganzen und tragen dazu bei, Ressourcen intelligent einzusetzen und Chancen gezielt zu nutzen, um gemeinsam eine bessere Zukunft zu gestalten.<\/p>\t\t\t\t\t\t\t\t<\/div>\n\t\t\t\t<\/div>\n\t\t\t\t\t<\/div>\n\t\t<\/div>\n\t\t\t\t\t<\/div>\n\t\t<\/section>\n\t\t\t\t\t<\/div>\n\t\t<\/div>\n\t\t\t\t\t<\/div>\n\t\t<\/section>\n\t\t\t\t<\/div>","protected":false},"excerpt":{"rendered":"<p>Soziale Verantwortung Verantwortungsvoll Handeln mit Blick auf die Zukunft Die SCHERER Group ist sich ihrer Verantwortung bewusst, die mit jeder Investition und unternehmerischen Entscheidung einhergeht. Unser Handeln ist darauf ausgerichtet, wirtschaftlichen Erfolg mit nachhaltigen und sozialvertr\u00e4glichen Prinzipien zu verbinden. Dabei liegt der Fokus darauf, positive Ver\u00e4nderungen anzusto\u00dfen und in allen Bereichen langfristige Werte zu schaffen. [&hellip;]<\/p>\n","protected":false},"author":1,"featured_media":0,"parent":0,"menu_order":0,"comment_status":"closed","ping_status":"closed","template":"elementor_header_footer","meta":{"site-sidebar-layout":"no-sidebar","site-content-layout":"page-builder","ast-site-content-layout":"default","site-content-style":"default","site-sidebar-style":"default","ast-global-header-display":"","ast-banner-title-visibility":"","ast-main-header-display":"","ast-hfb-above-header-display":"","ast-hfb-below-header-display":"","ast-hfb-mobile-header-display":"","site-post-title":"disabled","ast-breadcrumbs-content":"","ast-featured-img":"disabled","footer-sml-layout":"","ast-disable-related-posts":"","theme-transparent-header-meta":"","adv-header-id-meta":"","stick-header-meta":"","header-above-stick-meta":"","header-main-stick-meta":"","header-below-stick-meta":"","astra-migrate-meta-layouts":"default","ast-page-background-enabled":"default","ast-page-background-meta":{"desktop":{"background-color":"var(--ast-global-color-4)","background-image":"","background-repeat":"repeat","background-position":"center center","background-size":"auto","background-attachment":"scroll","background-type":"","background-media":"","overlay-type":"","overlay-color":"","overlay-opacity":"","overlay-gradient":""},"tablet":{"background-color":"","background-image":"","background-repeat":"repeat","background-position":"center center","background-size":"auto","background-attachment":"scroll","background-type":"","background-media":"","overlay-type":"","overlay-color":"","overlay-opacity":"","overlay-gradient":""},"mobile":{"background-color":"","background-image":"","background-repeat":"repeat","background-position":"center center","background-size":"auto","background-attachment":"scroll","background-type":"","background-media":"","overlay-type":"","overlay-color":"","overlay-opacity":"","overlay-gradient":""}},"ast-content-background-meta":{"desktop":{"background-color":"var(--ast-global-color-5)","background-image":"","background-repeat":"repeat","background-position":"center center","background-size":"auto","background-attachment":"scroll","background-type":"","background-media":"","overlay-type":"","overlay-color":"","overlay-opacity":"","overlay-gradient":""},"tablet":{"background-color":"var(--ast-global-color-5)","background-image":"","background-repeat":"repeat","background-position":"center center","background-size":"auto","background-attachment":"scroll","background-type":"","background-media":"","overlay-type":"","overlay-color":"","overlay-opacity":"","overlay-gradient":""},"mobile":{"background-color":"var(--ast-global-color-5)","background-image":"","background-repeat":"repeat","background-position":"center center","background-size":"auto","background-attachment":"scroll","background-type":"","background-media":"","overlay-type":"","overlay-color":"","overlay-opacity":"","overlay-gradient":""}},"footnotes":""},"class_list":["post-72","page","type-page","status-publish","hentry"],"_links":{"self":[{"href":"https:\/\/scherer-soehne.com\/de\/wp-json\/wp\/v2\/pages\/72","targetHints":{"allow":["GET"]}}],"collection":[{"href":"https:\/\/scherer-soehne.com\/de\/wp-json\/wp\/v2\/pages"}],"about":[{"href":"https:\/\/scherer-soehne.com\/de\/wp-json\/wp\/v2\/types\/page"}],"author":[{"embeddable":true,"href":"https:\/\/scherer-soehne.com\/de\/wp-json\/wp\/v2\/users\/1"}],"replies":[{"embeddable":true,"href":"https:\/\/scherer-soehne.com\/de\/wp-json\/wp\/v2\/comments?post=72"}],"version-history":[{"count":67,"href":"https:\/\/scherer-soehne.com\/de\/wp-json\/wp\/v2\/pages\/72\/revisions"}],"predecessor-version":[{"id":1917,"href":"https:\/\/scherer-soehne.com\/de\/wp-json\/wp\/v2\/pages\/72\/revisions\/1917"}],"wp:attachment":[{"href":"https:\/\/scherer-soehne.com\/de\/wp-json\/wp\/v2\/media?parent=72"}],"curies":[{"name":"wp","href":"https:\/\/api.w.org\/{rel}","templated":true}]}}