{"id":66,"date":"2023-07-11T14:31:49","date_gmt":"2023-07-11T14:31:49","guid":{"rendered":"https:\/\/scherer-soehne.com\/?page_id=66"},"modified":"2024-11-28T17:01:23","modified_gmt":"2024-11-28T17:01:23","slug":"uber-s-und-s","status":"publish","type":"page","link":"https:\/\/scherer-soehne.com\/de\/uber-s-und-s\/","title":{"rendered":"\u00dcber Scherer &#038; S\u00f6hne"},"content":{"rendered":"<div data-elementor-type=\"wp-page\" data-elementor-id=\"66\" class=\"elementor elementor-66\" data-elementor-post-type=\"page\">\n\t\t\t\t\t\t<section class=\"elementor-section elementor-top-section elementor-element elementor-element-46ceb6d elementor-section-height-min-height elementor-section-boxed elementor-section-height-default elementor-section-items-middle\" data-id=\"46ceb6d\" data-element_type=\"section\" data-e-type=\"section\" data-settings=\"{&quot;background_background&quot;:&quot;classic&quot;}\">\n\t\t\t\t\t\t\t<div class=\"elementor-background-overlay\"><\/div>\n\t\t\t\t\t\t\t<div class=\"elementor-container elementor-column-gap-default\">\n\t\t\t\t\t<div class=\"elementor-column elementor-col-100 elementor-top-column elementor-element elementor-element-b1530cb\" data-id=\"b1530cb\" data-element_type=\"column\" data-e-type=\"column\">\n\t\t\t<div class=\"elementor-widget-wrap elementor-element-populated\">\n\t\t\t\t\t\t<div class=\"elementor-element elementor-element-f9fb081 animated-fast elementor-invisible elementor-widget elementor-widget-heading\" data-id=\"f9fb081\" data-element_type=\"widget\" data-e-type=\"widget\" data-settings=\"{&quot;_animation&quot;:&quot;fadeIn&quot;}\" data-widget_type=\"heading.default\">\n\t\t\t\t<div class=\"elementor-widget-container\">\n\t\t\t\t\t<h1 class=\"elementor-heading-title elementor-size-default\">Scherer u. S\u00f6hne <\/h1>\t\t\t\t<\/div>\n\t\t\t\t<\/div>\n\t\t\t\t\t<\/div>\n\t\t<\/div>\n\t\t\t\t\t<\/div>\n\t\t<\/section>\n\t\t\t\t<section class=\"elementor-section elementor-top-section elementor-element elementor-element-5916ad2f elementor-section-content-bottom elementor-section-boxed elementor-section-height-default elementor-section-height-default\" data-id=\"5916ad2f\" data-element_type=\"section\" data-e-type=\"section\" data-settings=\"{&quot;background_background&quot;:&quot;classic&quot;}\">\n\t\t\t\t\t\t<div class=\"elementor-container elementor-column-gap-default\">\n\t\t\t\t\t<div class=\"elementor-column elementor-col-50 elementor-top-column elementor-element elementor-element-66338f8c animated-slow elementor-invisible\" data-id=\"66338f8c\" data-element_type=\"column\" data-e-type=\"column\" data-settings=\"{&quot;animation&quot;:&quot;fadeInLeft&quot;}\">\n\t\t\t<div class=\"elementor-widget-wrap\">\n\t\t\t\t\t\t\t<\/div>\n\t\t<\/div>\n\t\t\t\t<div class=\"elementor-column elementor-col-50 elementor-top-column elementor-element elementor-element-37e802d9 animated-slow elementor-invisible\" data-id=\"37e802d9\" data-element_type=\"column\" data-e-type=\"column\" data-settings=\"{&quot;animation&quot;:&quot;fadeInRight&quot;}\">\n\t\t\t<div class=\"elementor-widget-wrap elementor-element-populated\">\n\t\t\t\t\t\t<section class=\"elementor-section elementor-inner-section elementor-element elementor-element-65bb4735 elementor-section-full_width elementor-section-content-bottom elementor-section-height-default elementor-section-height-default\" data-id=\"65bb4735\" data-element_type=\"section\" data-e-type=\"section\">\n\t\t\t\t\t\t<div class=\"elementor-container elementor-column-gap-default\">\n\t\t\t\t\t<div class=\"elementor-column elementor-col-100 elementor-inner-column elementor-element elementor-element-138f36ad\" data-id=\"138f36ad\" data-element_type=\"column\" data-e-type=\"column\">\n\t\t\t<div class=\"elementor-widget-wrap elementor-element-populated\">\n\t\t\t\t\t\t<div class=\"elementor-element elementor-element-6cdb2d47 animated-fast elementor-invisible elementor-widget elementor-widget-heading\" data-id=\"6cdb2d47\" data-element_type=\"widget\" data-e-type=\"widget\" data-settings=\"{&quot;_animation&quot;:&quot;fadeInRight&quot;,&quot;_animation_tablet&quot;:&quot;fadeInUp&quot;}\" data-widget_type=\"heading.default\">\n\t\t\t\t<div class=\"elementor-widget-container\">\n\t\t\t\t\t<h2 class=\"elementor-heading-title elementor-size-default\">Scherer Group<\/h2>\t\t\t\t<\/div>\n\t\t\t\t<\/div>\n\t\t\t\t<div class=\"elementor-element elementor-element-5b735469 elementor-widget elementor-widget-text-editor\" data-id=\"5b735469\" data-element_type=\"widget\" data-e-type=\"widget\" data-widget_type=\"text-editor.default\">\n\t\t\t\t<div class=\"elementor-widget-container\">\n\t\t\t\t\t\t\t\t\t<p>Die SCHERER Group vereint Expertise in den Bereichen Private Equity, Industrie und Handel. Mit \u00fcber 20 Jahren Erfahrung investieren wir in zukunftsweisende Unternehmen, treiben industrielle Innovationen voran und st\u00e4rken den globalen Handel. Unser Fokus liegt darauf, nachhaltiges Wachstum zu f\u00f6rdern und durch strategische Partnerschaften langfristigen Mehrwert zu schaffen.<\/p>\t\t\t\t\t\t\t\t<\/div>\n\t\t\t\t<\/div>\n\t\t\t\t\t<\/div>\n\t\t<\/div>\n\t\t\t\t\t<\/div>\n\t\t<\/section>\n\t\t\t\t\t<\/div>\n\t\t<\/div>\n\t\t\t\t\t<\/div>\n\t\t<\/section>\n\t\t\t\t<section class=\"elementor-section elementor-top-section elementor-element elementor-element-2c56b34 elementor-section-boxed elementor-section-height-default elementor-section-height-default\" data-id=\"2c56b34\" data-element_type=\"section\" data-e-type=\"section\" data-settings=\"{&quot;background_background&quot;:&quot;classic&quot;}\">\n\t\t\t\t\t\t<div class=\"elementor-container elementor-column-gap-default\">\n\t\t\t\t\t<div class=\"elementor-column elementor-col-100 elementor-top-column elementor-element elementor-element-cf02102\" data-id=\"cf02102\" data-element_type=\"column\" data-e-type=\"column\">\n\t\t\t<div class=\"elementor-widget-wrap elementor-element-populated\">\n\t\t\t\t\t\t<section class=\"elementor-section elementor-inner-section elementor-element elementor-element-311db3d elementor-reverse-mobile elementor-section-full_width elementor-section-height-default elementor-section-height-default\" data-id=\"311db3d\" data-element_type=\"section\" data-e-type=\"section\">\n\t\t\t\t\t\t<div class=\"elementor-container elementor-column-gap-default\">\n\t\t\t\t\t<div class=\"elementor-column elementor-col-50 elementor-inner-column elementor-element elementor-element-a1f0722 animated-slow elementor-invisible\" data-id=\"a1f0722\" data-element_type=\"column\" data-e-type=\"column\" data-settings=\"{&quot;animation&quot;:&quot;fadeInLeft&quot;}\">\n\t\t\t<div class=\"elementor-widget-wrap elementor-element-populated\">\n\t\t\t\t\t\t<div class=\"elementor-element elementor-element-3029694 elementor-widget elementor-widget-heading\" data-id=\"3029694\" data-element_type=\"widget\" data-e-type=\"widget\" data-widget_type=\"heading.default\">\n\t\t\t\t<div class=\"elementor-widget-container\">\n\t\t\t\t\t<h3 class=\"elementor-heading-title elementor-size-default\">Das sind wir:<\/h3>\t\t\t\t<\/div>\n\t\t\t\t<\/div>\n\t\t\t\t<div class=\"elementor-element elementor-element-1c602ce elementor-widget elementor-widget-text-editor\" data-id=\"1c602ce\" data-element_type=\"widget\" data-e-type=\"widget\" data-widget_type=\"text-editor.default\">\n\t\t\t\t<div class=\"elementor-widget-container\">\n\t\t\t\t\t\t\t\t\t<p>Die SCHERER Group hat sich im Laufe der Jahre stetig weiterentwickelt. W\u00e4hrend die Textilindustrie einst den Grundstein legte, ist sie heute in den Hintergrund ger\u00fcckt. Der Fokus unseres Unternehmens liegt mittlerweile auf Networking, dem Handel mit Rohstoffen und der F\u00f6rderung industrieller Entwicklungen.<\/p><p>Besonderes Augenmerk richten wir auf Regionen wie Afrika und Vietnam, wo wir durch gezielte Partnerschaften und Investitionen zum Aufbau und zur St\u00e4rkung lokaler Industrien beitragen. Gleichzeitig setzen wir auf internationale Netzwerke, um Rohstoffe effizient zu handeln und globale M\u00e4rkte zu verbinden.<\/p><p>Unser Ziel ist es, durch strategische Zusammenarbeit nachhaltige Impulse zu setzen und sowohl Unternehmen als auch ganze Regionen bei ihrem Wachstum zu unterst\u00fctzen. Die SCHERER Group steht f\u00fcr Ver\u00e4nderung, Entwicklung und einen klaren Blick auf die Chancen von morgen.<\/p>\t\t\t\t\t\t\t\t<\/div>\n\t\t\t\t<\/div>\n\t\t\t\t<div class=\"elementor-element elementor-element-dadda0e animated-fast elementor-align-right elementor-widget__width-inherit elementor-widget-mobile__width-inherit elementor-invisible elementor-widget elementor-widget-button\" data-id=\"dadda0e\" data-element_type=\"widget\" data-e-type=\"widget\" data-settings=\"{&quot;_animation&quot;:&quot;fadeIn&quot;,&quot;_animation_delay&quot;:500}\" data-widget_type=\"button.default\">\n\t\t\t\t<div class=\"elementor-widget-container\">\n\t\t\t\t\t\t\t\t\t<div class=\"elementor-button-wrapper\">\n\t\t\t\t\t<a class=\"elementor-button elementor-button-link elementor-size-sm\" href=\"https:\/\/scherer-soehne.com\/de\/industrie\/\">\n\t\t\t\t\t\t<span class=\"elementor-button-content-wrapper\">\n\t\t\t\t\t\t\t\t\t<span class=\"elementor-button-text\">Mehr zur Industrie<\/span>\n\t\t\t\t\t<\/span>\n\t\t\t\t\t<\/a>\n\t\t\t\t<\/div>\n\t\t\t\t\t\t\t\t<\/div>\n\t\t\t\t<\/div>\n\t\t\t\t\t<\/div>\n\t\t<\/div>\n\t\t\t\t<div class=\"elementor-column elementor-col-50 elementor-inner-column elementor-element elementor-element-30aa762 animated-slow elementor-invisible\" data-id=\"30aa762\" data-element_type=\"column\" data-e-type=\"column\" data-settings=\"{&quot;background_background&quot;:&quot;classic&quot;,&quot;animation&quot;:&quot;fadeInRight&quot;}\">\n\t\t\t<div class=\"elementor-widget-wrap elementor-element-populated\">\n\t\t\t\t\t\t<div class=\"elementor-element elementor-element-2813444 elementor-widget elementor-widget-spacer\" data-id=\"2813444\" data-element_type=\"widget\" data-e-type=\"widget\" data-widget_type=\"spacer.default\">\n\t\t\t\t<div class=\"elementor-widget-container\">\n\t\t\t\t\t\t\t<div class=\"elementor-spacer\">\n\t\t\t<div class=\"elementor-spacer-inner\"><\/div>\n\t\t<\/div>\n\t\t\t\t\t\t<\/div>\n\t\t\t\t<\/div>\n\t\t\t\t\t<\/div>\n\t\t<\/div>\n\t\t\t\t\t<\/div>\n\t\t<\/section>\n\t\t\t\t\t<\/div>\n\t\t<\/div>\n\t\t\t\t\t<\/div>\n\t\t<\/section>\n\t\t\t\t<section class=\"elementor-section elementor-top-section elementor-element elementor-element-190fdcb elementor-section-boxed elementor-section-height-default elementor-section-height-default\" data-id=\"190fdcb\" data-element_type=\"section\" data-e-type=\"section\" data-settings=\"{&quot;background_background&quot;:&quot;classic&quot;}\">\n\t\t\t\t\t\t<div class=\"elementor-container elementor-column-gap-default\">\n\t\t\t\t\t<div class=\"elementor-column elementor-col-50 elementor-top-column elementor-element elementor-element-6a63778\" data-id=\"6a63778\" data-element_type=\"column\" data-e-type=\"column\">\n\t\t\t<div class=\"elementor-widget-wrap elementor-element-populated\">\n\t\t\t\t\t\t<div class=\"elementor-element elementor-element-3894042 elementor-widget elementor-widget-image\" data-id=\"3894042\" data-element_type=\"widget\" data-e-type=\"widget\" data-widget_type=\"image.default\">\n\t\t\t\t<div class=\"elementor-widget-container\">\n\t\t\t\t\t\t\t\t\t\t\t\t\t\t\t<img fetchpriority=\"high\" decoding=\"async\" width=\"1472\" height=\"832\" src=\"https:\/\/scherer-soehne.com\/wp-content\/uploads\/2024\/11\/Leonardo_Phoenix_industrielle_mine_wo_Mineralien_gefrdert_werd_0.jpg\" class=\"attachment-2048x2048 size-2048x2048 wp-image-1568\" alt=\"\" srcset=\"https:\/\/scherer-soehne.com\/wp-content\/uploads\/2024\/11\/Leonardo_Phoenix_industrielle_mine_wo_Mineralien_gefrdert_werd_0.jpg 1472w, https:\/\/scherer-soehne.com\/wp-content\/uploads\/2024\/11\/Leonardo_Phoenix_industrielle_mine_wo_Mineralien_gefrdert_werd_0-300x170.jpg 300w, https:\/\/scherer-soehne.com\/wp-content\/uploads\/2024\/11\/Leonardo_Phoenix_industrielle_mine_wo_Mineralien_gefrdert_werd_0-1024x579.jpg 1024w, https:\/\/scherer-soehne.com\/wp-content\/uploads\/2024\/11\/Leonardo_Phoenix_industrielle_mine_wo_Mineralien_gefrdert_werd_0-768x434.jpg 768w, https:\/\/scherer-soehne.com\/wp-content\/uploads\/2024\/11\/Leonardo_Phoenix_industrielle_mine_wo_Mineralien_gefrdert_werd_0-18x10.jpg 18w, https:\/\/scherer-soehne.com\/wp-content\/uploads\/2024\/11\/Leonardo_Phoenix_industrielle_mine_wo_Mineralien_gefrdert_werd_0-600x339.jpg 600w\" sizes=\"(max-width: 1472px) 100vw, 1472px\" \/>\t\t\t\t\t\t\t\t\t\t\t\t\t\t\t<\/div>\n\t\t\t\t<\/div>\n\t\t\t\t\t<\/div>\n\t\t<\/div>\n\t\t\t\t<div class=\"elementor-column elementor-col-50 elementor-top-column elementor-element elementor-element-7db271f animated-slow elementor-invisible\" data-id=\"7db271f\" data-element_type=\"column\" data-e-type=\"column\" data-settings=\"{&quot;animation&quot;:&quot;fadeInLeft&quot;}\">\n\t\t\t<div class=\"elementor-widget-wrap elementor-element-populated\">\n\t\t\t\t\t\t<div class=\"elementor-element elementor-element-8ee3729 elementor-widget elementor-widget-heading\" data-id=\"8ee3729\" data-element_type=\"widget\" data-e-type=\"widget\" data-widget_type=\"heading.default\">\n\t\t\t\t<div class=\"elementor-widget-container\">\n\t\t\t\t\t<h3 class=\"elementor-heading-title elementor-size-default\">Wir schaffen Werte<\/h3>\t\t\t\t<\/div>\n\t\t\t\t<\/div>\n\t\t\t\t<div class=\"elementor-element elementor-element-5e92795 elementor-widget elementor-widget-text-editor\" data-id=\"5e92795\" data-element_type=\"widget\" data-e-type=\"widget\" data-widget_type=\"text-editor.default\">\n\t\t\t\t<div class=\"elementor-widget-container\">\n\t\t\t\t\t\t\t\t\t<p>Bei der SCHERER Group steht nachhaltige Wertsch\u00f6pfung im Mittelpunkt unseres Handelns. F\u00fcr uns bedeutet Werte schaffen, nicht nur finanziellen Erfolg zu erzielen, sondern auch einen positiven Beitrag f\u00fcr Unternehmen, Menschen und Regionen zu leisten.<\/p><p>Durch strategische Investitionen, gezielte F\u00f6rderung und den Aufbau langfristiger Partnerschaften unterst\u00fctzen wir Unternehmen dabei, ihr volles Potenzial zu entfalten. Unser Fokus liegt auf Projekten, die Innovationen vorantreiben, Arbeitspl\u00e4tze schaffen und wirtschaftliches Wachstum erm\u00f6glichen.<\/p><p>Besonders in aufstrebenden M\u00e4rkten wie Afrika und S\u00fcdostasien setzen wir uns daf\u00fcr ein, nachhaltige Strukturen zu f\u00f6rdern und lokale Industrien zu st\u00e4rken. Mit unserem Engagement im Bereich Networking, Handel und Rohstoffmanagement verbinden wir M\u00e4rkte, schaffen Synergien und er\u00f6ffnen neue Perspektiven.<\/p><p>Die SCHERER Group steht f\u00fcr ein verantwortungsvolles Handeln, das heute Werte schafft und morgen M\u00f6glichkeiten bietet. Unser Ziel ist es, nachhaltige Grundlagen f\u00fcr Erfolg und Entwicklung zu legen und das f\u00fcr alle, die mit uns zusammenarbeiten.<\/p>\t\t\t\t\t\t\t\t<\/div>\n\t\t\t\t<\/div>\n\t\t\t\t<div class=\"elementor-element elementor-element-1360c78 animated-fast elementor-align-left elementor-widget__width-inherit elementor-widget-mobile__width-inherit elementor-invisible elementor-widget elementor-widget-button\" data-id=\"1360c78\" data-element_type=\"widget\" data-e-type=\"widget\" data-settings=\"{&quot;_animation&quot;:&quot;fadeIn&quot;,&quot;_animation_delay&quot;:500}\" data-widget_type=\"button.default\">\n\t\t\t\t<div class=\"elementor-widget-container\">\n\t\t\t\t\t\t\t\t\t<div class=\"elementor-button-wrapper\">\n\t\t\t\t\t<a class=\"elementor-button elementor-button-link elementor-size-sm\" href=\"https:\/\/scherer-soehne.com\/de\/soziale-verantwortung\/\">\n\t\t\t\t\t\t<span class=\"elementor-button-content-wrapper\">\n\t\t\t\t\t\t\t\t\t<span class=\"elementor-button-text\">Unsere Soziale Verantwortung<\/span>\n\t\t\t\t\t<\/span>\n\t\t\t\t\t<\/a>\n\t\t\t\t<\/div>\n\t\t\t\t\t\t\t\t<\/div>\n\t\t\t\t<\/div>\n\t\t\t\t\t<\/div>\n\t\t<\/div>\n\t\t\t\t\t<\/div>\n\t\t<\/section>\n\t\t\t\t<\/div>","protected":false},"excerpt":{"rendered":"<p>Scherer u. S\u00f6hne Scherer Group Die SCHERER Group vereint Expertise in den Bereichen Private Equity, Industrie und Handel. Mit \u00fcber 20 Jahren Erfahrung investieren wir in zukunftsweisende Unternehmen, treiben industrielle Innovationen voran und st\u00e4rken den globalen Handel. Unser Fokus liegt darauf, nachhaltiges Wachstum zu f\u00f6rdern und durch strategische Partnerschaften langfristigen Mehrwert zu schaffen. Das sind [&hellip;]<\/p>\n","protected":false},"author":1,"featured_media":0,"parent":0,"menu_order":0,"comment_status":"closed","ping_status":"closed","template":"elementor_header_footer","meta":{"site-sidebar-layout":"no-sidebar","site-content-layout":"page-builder","ast-site-content-layout":"default","site-content-style":"default","site-sidebar-style":"default","ast-global-header-display":"","ast-banner-title-visibility":"","ast-main-header-display":"","ast-hfb-above-header-display":"","ast-hfb-below-header-display":"","ast-hfb-mobile-header-display":"","site-post-title":"disabled","ast-breadcrumbs-content":"","ast-featured-img":"disabled","footer-sml-layout":"","ast-disable-related-posts":"","theme-transparent-header-meta":"","adv-header-id-meta":"","stick-header-meta":"","header-above-stick-meta":"","header-main-stick-meta":"","header-below-stick-meta":"","astra-migrate-meta-layouts":"default","ast-page-background-enabled":"default","ast-page-background-meta":{"desktop":{"background-color":"var(--ast-global-color-4)","background-image":"","background-repeat":"repeat","background-position":"center center","background-size":"auto","background-attachment":"scroll","background-type":"","background-media":"","overlay-type":"","overlay-color":"","overlay-opacity":"","overlay-gradient":""},"tablet":{"background-color":"","background-image":"","background-repeat":"repeat","background-position":"center center","background-size":"auto","background-attachment":"scroll","background-type":"","background-media":"","overlay-type":"","overlay-color":"","overlay-opacity":"","overlay-gradient":""},"mobile":{"background-color":"","background-image":"","background-repeat":"repeat","background-position":"center center","background-size":"auto","background-attachment":"scroll","background-type":"","background-media":"","overlay-type":"","overlay-color":"","overlay-opacity":"","overlay-gradient":""}},"ast-content-background-meta":{"desktop":{"background-color":"var(--ast-global-color-5)","background-image":"","background-repeat":"repeat","background-position":"center center","background-size":"auto","background-attachment":"scroll","background-type":"","background-media":"","overlay-type":"","overlay-color":"","overlay-opacity":"","overlay-gradient":""},"tablet":{"background-color":"var(--ast-global-color-5)","background-image":"","background-repeat":"repeat","background-position":"center center","background-size":"auto","background-attachment":"scroll","background-type":"","background-media":"","overlay-type":"","overlay-color":"","overlay-opacity":"","overlay-gradient":""},"mobile":{"background-color":"var(--ast-global-color-5)","background-image":"","background-repeat":"repeat","background-position":"center center","background-size":"auto","background-attachment":"scroll","background-type":"","background-media":"","overlay-type":"","overlay-color":"","overlay-opacity":"","overlay-gradient":""}},"footnotes":""},"class_list":["post-66","page","type-page","status-publish","hentry"],"_links":{"self":[{"href":"https:\/\/scherer-soehne.com\/de\/wp-json\/wp\/v2\/pages\/66","targetHints":{"allow":["GET"]}}],"collection":[{"href":"https:\/\/scherer-soehne.com\/de\/wp-json\/wp\/v2\/pages"}],"about":[{"href":"https:\/\/scherer-soehne.com\/de\/wp-json\/wp\/v2\/types\/page"}],"author":[{"embeddable":true,"href":"https:\/\/scherer-soehne.com\/de\/wp-json\/wp\/v2\/users\/1"}],"replies":[{"embeddable":true,"href":"https:\/\/scherer-soehne.com\/de\/wp-json\/wp\/v2\/comments?post=66"}],"version-history":[{"count":71,"href":"https:\/\/scherer-soehne.com\/de\/wp-json\/wp\/v2\/pages\/66\/revisions"}],"predecessor-version":[{"id":1845,"href":"https:\/\/scherer-soehne.com\/de\/wp-json\/wp\/v2\/pages\/66\/revisions\/1845"}],"wp:attachment":[{"href":"https:\/\/scherer-soehne.com\/de\/wp-json\/wp\/v2\/media?parent=66"}],"curies":[{"name":"wp","href":"https:\/\/api.w.org\/{rel}","templated":true}]}}